{"id":83,"date":"2023-06-18T18:23:38","date_gmt":"2023-06-18T18:23:38","guid":{"rendered":"https:\/\/shop.bimmerstock.eu\/?post_type=product&#038;p=83"},"modified":"2023-07-01T22:23:54","modified_gmt":"2023-07-01T22:23:54","slug":"juego-de-suspensiones-roscadas-mts-technik-para-bmw-e81-e87-2-puertas","status":"publish","type":"product","link":"https:\/\/shop.bimmerstock.eu\/en\/product\/juego-de-suspensiones-roscadas-mts-technik-para-bmw-e81-e87-2-puertas","title":{"rendered":"Juego de Suspensiones Roscadas MTS Technik para BMW E81 (E87 2 puertas)"},"content":{"rendered":"<p>Juego completo de suspensiones roscadas para BMW E81 (E87 2 puertas).<\/p>\n<p>MTS Technik es una marca polaca que cumple los est\u00e1ndares T\u00dcV garantizando su calidad y la posibilidad de homologarlas en cualquier veh\u00edculo.<\/p>\n<p>Utilizan muelles EIBACH y se fabrican siguiendo un cuidado proceso con gran atenci\u00f3n al detalle. El recubrimiento dorado es de doble capa lo que asegura una duradera protecci\u00f3n contra el \u00f3xido.<\/p>\n<p><strong>Nuestras experiencia<\/strong> con la marca es positiva y podemos asegurar que es la opci\u00f3n m\u00e1s competitiva en relaci\u00f3n calidad\/precio.<\/p>\n<p>Veh\u00edculos compatibles:<\/p>\n<p>BMW E81 Hatchback (09\/06 &#8211; 12\/11): Motorizaciones: 116i \/ 118i \/ 120i \/ 130i \/ 116d \/ 118d \/ 120d \/ 123d<\/p>\n<p>Las roscadas son una buena opci\u00f3n cuando quieres ajustar la altura del coche y poder influir en el reparto de pesos. Adem\u00e1s de ofrecer la posibilidad de montaje, podemos pesar tu coche en las cuatro ruedas para hacer un setup que se adapte a tu estilo de conducci\u00f3n y preferencias.<\/p>\n<p>El sistema de amortiguaci\u00f3n delantero se basa en dos muelles EIBACH por amortiguador, creando un sistema progresivo que mejora la comodidad al principio del recorrido y endurece m\u00e1s la suspensi\u00f3n a medida que se carga el eje. En este kit en concreto la altura y la precarga del muelle no se ajustan por separado.<\/p>\n<p><strong>Configura tu kit seg\u00fan quieras certificado T\u00dcV (facilita la homologaci\u00f3n), copelas delanteras, el tarado de la suspensi\u00f3n (Comfort, Street o Sport) o el acabado.<\/strong><\/p>\n<p>Caracter\u00edsticas:<\/p>\n<ul>\n<li>Recubrimiento zincado de doble capa<\/li>\n<li>Muelles EIBACH de recorrido progresivo<\/li>\n<li>Homologaci\u00f3n T\u00dcV<\/li>\n<li>Rebaja de altura en cada eje: escoge una configuraci\u00f3n para ver m\u00e1s<\/li>\n<li>Peso m\u00e1ximo en eje delantero: 945kg<\/li>\n<li>Peso m\u00e1ximo en eje trasero: 1070kg<\/li>\n<\/ul>\n<p>Consideraciones:<\/p>\n<ul>\n<li>No v\u00e1lido para versiones 4&#215;4<\/li>\n<li>Si tu coche ya equipaba suspensi\u00f3n deportiva de f\u00e1brica, la rebaja de altura anunciada puede ser menor<\/li>\n<li>Durante la instalaci\u00f3n <strong>es vital<\/strong> asegurarse de la distancia m\u00ednima que ha de haber entre rueda y aleta: 5mm<\/li>\n<li>En algunos casos son necesarias piezas adicionales OEM para la instalaci\u00f3n. Estas no se incluyen en el kit.<\/li>\n<\/ul>","protected":false},"excerpt":{"rendered":"<p>Juego completo de suspensiones roscadas para BMW E81 (E87 2 puertas). MTS Technik es una marca polaca que cumple los est\u00e1ndares T\u00dcV garantizando su calidad y la posibilidad de homologarlas en cualquier veh\u00edculo. Utilizan muelles EIBACH y se fabrican siguiendo un cuidado proceso con gran atenci\u00f3n al detalle. El recubrimiento dorado es de doble capa [&hellip;]<\/p>","protected":false},"featured_media":47,"comment_status":"open","ping_status":"closed","template":"","meta":{"site-sidebar-layout":"default","site-content-layout":"default","ast-site-content-layout":"","site-content-style":"default","site-sidebar-style":"default","ast-global-header-display":"","ast-banner-title-visibility":"","ast-main-header-display":"","ast-hfb-above-header-display":"","ast-hfb-below-header-display":"","ast-hfb-mobile-header-display":"","site-post-title":"","ast-breadcrumbs-content":"","ast-featured-img":"","footer-sml-layout":"","theme-transparent-header-meta":"default","adv-header-id-meta":"","stick-header-meta":"","header-above-stick-meta":"","header-main-stick-meta":"","header-below-stick-meta":"","astra-migrate-meta-layouts":"default","ast-page-background-enabled":"default","ast-page-background-meta":{"desktop":{"background-color":"var(--ast-global-color-4)","background-image":"","background-repeat":"repeat","background-position":"center center","background-size":"auto","background-attachment":"scroll","background-type":"","background-media":"","overlay-type":"","overlay-color":"","overlay-opacity":"","overlay-gradient":""},"tablet":{"background-color":"","background-image":"","background-repeat":"repeat","background-position":"center center","background-size":"auto","background-attachment":"scroll","background-type":"","background-media":"","overlay-type":"","overlay-color":"","overlay-opacity":"","overlay-gradient":""},"mobile":{"background-color":"","background-image":"","background-repeat":"repeat","background-position":"center center","background-size":"auto","background-attachment":"scroll","background-type":"","background-media":"","overlay-type":"","overlay-color":"","overlay-opacity":"","overlay-gradient":""}},"ast-content-background-meta":{"desktop":{"background-color":"var(--ast-global-color-5)","background-image":"","background-repeat":"repeat","background-position":"center center","background-size":"auto","background-attachment":"scroll","background-type":"","background-media":"","overlay-type":"","overlay-color":"","overlay-opacity":"","overlay-gradient":""},"tablet":{"background-color":"var(--ast-global-color-5)","background-image":"","background-repeat":"repeat","background-position":"center center","background-size":"auto","background-attachment":"scroll","background-type":"","background-media":"","overlay-type":"","overlay-color":"","overlay-opacity":"","overlay-gradient":""},"mobile":{"background-color":"var(--ast-global-color-5)","background-image":"","background-repeat":"repeat","background-position":"center center","background-size":"auto","background-attachment":"scroll","background-type":"","background-media":"","overlay-type":"","overlay-color":"","overlay-opacity":"","overlay-gradient":""}}},"product_cat":[23,24,30],"product_tag":[46,47,48,26,27,28,29],"class_list":{"0":"post-83","1":"product","2":"type-product","3":"status-publish","4":"has-post-thumbnail","6":"product_cat-suspensiones","7":"product_cat-roscadas","8":"product_cat-roscadas-mts","9":"product_tag-bmw-e81","10":"product_tag-bmw-e81-e87-2-puertas","11":"product_tag-bmw-e87-2-puertas","12":"product_tag-mts-technik","13":"product_tag-roscadas","14":"product_tag-roscadas-mts","15":"product_tag-suspensiones","16":"product_shipping_class-suspensiones","17":"desktop-align-left","18":"tablet-align-left","19":"mobile-align-left","21":"first","22":"instock","23":"sale","24":"taxable","25":"shipping-taxable","26":"purchasable","27":"product-type-variable"},"_links":{"self":[{"href":"https:\/\/shop.bimmerstock.eu\/en\/wp-json\/wp\/v2\/product\/83","targetHints":{"allow":["GET"]}}],"collection":[{"href":"https:\/\/shop.bimmerstock.eu\/en\/wp-json\/wp\/v2\/product"}],"about":[{"href":"https:\/\/shop.bimmerstock.eu\/en\/wp-json\/wp\/v2\/types\/product"}],"replies":[{"embeddable":true,"href":"https:\/\/shop.bimmerstock.eu\/en\/wp-json\/wp\/v2\/comments?post=83"}],"version-history":[{"count":1,"href":"https:\/\/shop.bimmerstock.eu\/en\/wp-json\/wp\/v2\/product\/83\/revisions"}],"predecessor-version":[{"id":2583,"href":"https:\/\/shop.bimmerstock.eu\/en\/wp-json\/wp\/v2\/product\/83\/revisions\/2583"}],"wp:featuredmedia":[{"embeddable":true,"href":"https:\/\/shop.bimmerstock.eu\/en\/wp-json\/wp\/v2\/media\/47"}],"wp:attachment":[{"href":"https:\/\/shop.bimmerstock.eu\/en\/wp-json\/wp\/v2\/media?parent=83"}],"wp:term":[{"taxonomy":"product_cat","embeddable":true,"href":"https:\/\/shop.bimmerstock.eu\/en\/wp-json\/wp\/v2\/product_cat?post=83"},{"taxonomy":"product_tag","embeddable":true,"href":"https:\/\/shop.bimmerstock.eu\/en\/wp-json\/wp\/v2\/product_tag?post=83"}],"curies":[{"name":"wp","href":"https:\/\/api.w.org\/{rel}","templated":true}]}}