{"id":3036,"date":"2024-06-12T08:07:10","date_gmt":"2024-06-12T08:07:10","guid":{"rendered":"https:\/\/shop.bimmerstock.eu\/?post_type=product&#038;p=3036"},"modified":"2024-06-12T08:39:08","modified_gmt":"2024-06-12T08:39:08","slug":"kit-cambio-aceite-bmw-n57","status":"publish","type":"product","link":"https:\/\/shop.bimmerstock.eu\/en\/product\/kit-cambio-aceite-bmw-n57","title":{"rendered":"KIT CAMBIO ACEITE BMW N57"},"content":{"rendered":"<p>KIT cambio de aceite para motores BMW N57 en algunas de sus versiones.<\/p>\n<p><strong>Revisa bien la tabla de compatibilidades ya que los N57 equipan diferentes filtros. <\/strong>Recomendamos siempre usar el dato de potencia en kW para identificar tu veh\u00edculo.\u00a0<strong>Algunas generaciones como el E90 pueden llevar un filtro u otro y la \u00fanica manera de asegurarse es sacar el actual y medirlo.\u00a0<\/strong>Contacta con nosotros si tienes dudas.<\/p>\n<p>Nuestros kits de cambio de aceite <strong>te facilitan la vida al ofrecerte todo lo necesario para el mantenimiento de tu coche desde un mismo sitio<\/strong> y con env\u00edo 24 horas. Este kit de cambio de aceite para motores N57 incluye los mismos productos que durante a\u00f1os hemos probado en nuestro taller y en nuestros propios coches.<\/p>\n<p>Recomendamos siempre a\u00f1adir el limpiador de motor XENUM que nos permite hacer una limpieza en marcha, y no solo al ralent\u00ed, para notar un cambio en suavidad y sonido.<\/p>\n<p>El KIT incluye:<\/p>\n<ul>\n<li>Aceite de motor (a elegir entre RAVENOL SMP 5w30 o RUP 5w40)<\/li>\n<li>Filtro de aceite<\/li>\n<li>Arandela para el tornillo de c\u00e1rter<\/li>\n<\/ul>\n<p>Y puedes opcionalmente a\u00f1adir:<\/p>\n<ul>\n<li>Aditivo de limpieza de motor XENUM M-FLUSH<\/li>\n<li>Aceite \u00abbarato\u00bb para realizar limpieza intensiva (lo encontrar\u00e1s en \u00abRELACIONADOS\u00bb)<\/li>\n<li>1L extra de aceite para rellenos<\/li>\n<\/ul>\n<hr \/>\n<p><strong>\u00bfQu\u00e9 aceite escojo?<\/strong><\/p>\n<p>Todas opciones son buenas para el M51 y nos decantar\u00edamos por una u otra dependiendo del uso:<\/p>\n<ul>\n<li>SMP 5w30: Para la mayor\u00eda de los casos. Aceite MID Saps muy equilibrado con una base de calidad y paquete de aditivos muy correcto<\/li>\n<li>RUP 5w40: Para los m\u00e1s exigentes con modificaciones grandes y uso intensivo<\/li>\n<\/ul>\n<hr \/>\n<p><strong>\u00bfDebo usar el aditivo de limpieza?<\/strong><\/p>\n<p>Si nunca has usado un aditivo de limpieza en ning\u00fan cambio de aceite definitivamente la respuesta es<strong> s\u00ed<\/strong>.<\/p>\n<p>Pero podemos ampliar la respuesta con varios casos de uso. Es importante valorar el estado actual del motor de una forma muy sencilla; abre el tap\u00f3n de llenado y mira que color tienen las partes internas de tu motor:<\/p>\n<ul>\n<li><strong>Tienen un color met\u00e1lico:<\/strong> \u00a1buena se\u00f1al! Puedes simplemente a\u00f1adir el aditivo de limpieza al aceite actual, hacer unos 50-100km, y hacer el cambio.<\/li>\n<li><strong>Tienen un color rojo\/marr\u00f3n\/negro con o sin sedimentos en algunas zonas:<\/strong> \u00a1necesitamos una limpieza intensiva! Recomendamos hacer un cambio de aceite primero usando un aceite \u00abbarato\u00bb al que le a\u00f1adiremos el aditivo de limpieza para poder hacer hasta 300km de limpieza antes de volver a cambiar el aceite y poner ya el definitivo. Usar aceite nuevo nos permite hacer una limpieza m\u00e1s larga que nos ayudar\u00e1 con los sedimentos y cualquier obturaci\u00f3n que podamos tener en el bloque.<\/li>\n<\/ul>\n<p>En motores diesel recomendamos especialmente el uso de aditivo para asegurarnos de dejar los conductos de lubricaci\u00f3n del turbo bien limpios.<\/p>\n<p><strong>COMPATIBILIDAD:<\/strong><\/p>\n\n<table id=\"tablepress-12\" class=\"tablepress tablepress-id-12\">\n<thead>\n<tr class=\"row-1 odd\">\n\t<th class=\"column-1\">A\u00d1O<\/th><th class=\"column-2\">MODELO<\/th><th class=\"column-3\">GENERACI\u00d3N<\/th><th class=\"column-4\">CARROCER\u00cdA<\/th><th class=\"column-5\">MOTOR<\/th><th class=\"column-6\">POTENCIA (kW\/hp)<\/th>\n<\/tr>\n<\/thead>\n<tbody class=\"row-hover\">\n<tr class=\"row-2 even\">\n\t<td class=\"column-1\">2012-2015<\/td><td class=\"column-2\">114d<\/td><td class=\"column-3\">F20<\/td><td class=\"column-4\">TODAS<\/td><td class=\"column-5\">N47D16<\/td><td class=\"column-6\">70\/94<\/td>\n<\/tr>\n<tr class=\"row-3 odd\">\n\t<td class=\"column-1\">2011-2015<\/td><td class=\"column-2\">116d<\/td><td class=\"column-3\">F20<\/td><td class=\"column-4\">TODAS<\/td><td class=\"column-5\">N47D20<\/td><td class=\"column-6\">85\/114<\/td>\n<\/tr>\n<tr class=\"row-4 even\">\n\t<td class=\"column-1\">2012-2015<\/td><td class=\"column-2\">116d<\/td><td class=\"column-3\">F20<\/td><td class=\"column-4\">TODAS<\/td><td class=\"column-5\">N47D16<\/td><td class=\"column-6\">85\/114<\/td>\n<\/tr>\n<tr class=\"row-5 odd\">\n\t<td class=\"column-1\">2011-2015<\/td><td class=\"column-2\">118d<\/td><td class=\"column-3\">F20<\/td><td class=\"column-4\">TODAS<\/td><td class=\"column-5\">N47D20<\/td><td class=\"column-6\">105\/141<\/td>\n<\/tr>\n<tr class=\"row-6 even\">\n\t<td class=\"column-1\">2011-2015<\/td><td class=\"column-2\">120d<\/td><td class=\"column-3\">F20<\/td><td class=\"column-4\">TODAS<\/td><td class=\"column-5\">N47D20<\/td><td class=\"column-6\">135\/181<\/td>\n<\/tr>\n<tr class=\"row-7 odd\">\n\t<td class=\"column-1\">2012-2015<\/td><td class=\"column-2\">125d<\/td><td class=\"column-3\">F20<\/td><td class=\"column-4\">TODAS<\/td><td class=\"column-5\">N47D20<\/td><td class=\"column-6\">160\/215<\/td>\n<\/tr>\n<tr class=\"row-8 even\">\n\t<td class=\"column-1\">2009-2011<\/td><td class=\"column-2\">316d<\/td><td class=\"column-3\">E90<\/td><td class=\"column-4\">TODAS<\/td><td class=\"column-5\">N47D20<\/td><td class=\"column-6\">85\/114<\/td>\n<\/tr>\n<tr class=\"row-9 odd\">\n\t<td class=\"column-1\">2007-2012<\/td><td class=\"column-2\">318d<\/td><td class=\"column-3\">E90<\/td><td class=\"column-4\">TODAS<\/td><td class=\"column-5\">N47D20<\/td><td class=\"column-6\">105\/141<\/td>\n<\/tr>\n<tr class=\"row-10 even\">\n\t<td class=\"column-1\">2007-2010<\/td><td class=\"column-2\">320d<\/td><td class=\"column-3\">E90<\/td><td class=\"column-4\">TODAS<\/td><td class=\"column-5\">N47D20<\/td><td class=\"column-6\">130\/174<\/td>\n<\/tr>\n<tr class=\"row-11 odd\">\n\t<td class=\"column-1\">2010-2011<\/td><td class=\"column-2\">320d<\/td><td class=\"column-3\">E90<\/td><td class=\"column-4\">TODAS<\/td><td class=\"column-5\">N47D20<\/td><td class=\"column-6\">135\/181<\/td>\n<\/tr>\n<tr class=\"row-12 even\">\n\t<td class=\"column-1\">2012\u20132015<\/td><td class=\"column-2\">316d<\/td><td class=\"column-3\">F30<\/td><td class=\"column-4\">TODAS<\/td><td class=\"column-5\">N47D20<\/td><td class=\"column-6\">85\/114<\/td>\n<\/tr>\n<tr class=\"row-13 odd\">\n\t<td class=\"column-1\">2012\u20132015<\/td><td class=\"column-2\">318d<\/td><td class=\"column-3\">F30<\/td><td class=\"column-4\">TODAS<\/td><td class=\"column-5\">N47D20<\/td><td class=\"column-6\">105\/141<\/td>\n<\/tr>\n<tr class=\"row-14 even\">\n\t<td class=\"column-1\">2012\u20132015<\/td><td class=\"column-2\">320d<\/td><td class=\"column-3\">F30<\/td><td class=\"column-4\">TODAS<\/td><td class=\"column-5\">N47D20<\/td><td class=\"column-6\">135\/181<\/td>\n<\/tr>\n<tr class=\"row-15 odd\">\n\t<td class=\"column-1\">2012\u20132015<\/td><td class=\"column-2\">320d ED<\/td><td class=\"column-3\">F30<\/td><td class=\"column-4\">TODAS<\/td><td class=\"column-5\">N47D20<\/td><td class=\"column-6\">120\/161<\/td>\n<\/tr>\n<tr class=\"row-16 even\">\n\t<td class=\"column-1\">2013\u20132015<\/td><td class=\"column-2\">325d<\/td><td class=\"column-3\">F30<\/td><td class=\"column-4\">TODAS<\/td><td class=\"column-5\">N47D20<\/td><td class=\"column-6\">160\/215<\/td>\n<\/tr>\n<tr class=\"row-17 odd\">\n\t<td class=\"column-1\">2013\u20132015<\/td><td class=\"column-2\">420d<\/td><td class=\"column-3\">F32<\/td><td class=\"column-4\">TODAS<\/td><td class=\"column-5\">N47D20<\/td><td class=\"column-6\">135\/181<\/td>\n<\/tr>\n<tr class=\"row-18 even\">\n\t<td class=\"column-1\">2014\u20132016<\/td><td class=\"column-2\">425d<\/td><td class=\"column-3\">F32<\/td><td class=\"column-4\">TODAS<\/td><td class=\"column-5\">N47D20<\/td><td class=\"column-6\">160\/215<\/td>\n<\/tr>\n<tr class=\"row-19 odd\">\n\t<td class=\"column-1\">2010\u20132014<\/td><td class=\"column-2\">520d<\/td><td class=\"column-3\">F10<\/td><td class=\"column-4\">TODAS<\/td><td class=\"column-5\">N47D20<\/td><td class=\"column-6\">135\/181<\/td>\n<\/tr>\n<tr class=\"row-20 even\">\n\t<td class=\"column-1\">2011\u20132016<\/td><td class=\"column-2\">525d<\/td><td class=\"column-3\">F10<\/td><td class=\"column-4\">TODAS<\/td><td class=\"column-5\">N47D20<\/td><td class=\"column-6\">160\/215<\/td>\n<\/tr>\n<\/tbody>\n<\/table>\n<!-- #tablepress-12 from cache -->","protected":false},"excerpt":{"rendered":"<p>KIT cambio de aceite para motores BMW N57 en algunas de sus versiones. Revisa bien la tabla de compatibilidades ya que los N57 equipan diferentes filtros. Recomendamos siempre usar el dato de potencia en kW para identificar tu veh\u00edculo.\u00a0Algunas generaciones como el E90 pueden llevar un filtro u otro y la \u00fanica manera de asegurarse [&hellip;]<\/p>","protected":false},"featured_media":3049,"comment_status":"open","ping_status":"closed","template":"","meta":{"site-sidebar-layout":"default","site-content-layout":"","ast-site-content-layout":"default","site-content-style":"default","site-sidebar-style":"default","ast-global-header-display":"","ast-banner-title-visibility":"","ast-main-header-display":"","ast-hfb-above-header-display":"","ast-hfb-below-header-display":"","ast-hfb-mobile-header-display":"","site-post-title":"","ast-breadcrumbs-content":"","ast-featured-img":"","footer-sml-layout":"","theme-transparent-header-meta":"default","adv-header-id-meta":"","stick-header-meta":"","header-above-stick-meta":"","header-main-stick-meta":"","header-below-stick-meta":"","astra-migrate-meta-layouts":"set","ast-page-background-enabled":"default","ast-page-background-meta":{"desktop":{"background-color":"var(--ast-global-color-4)","background-image":"","background-repeat":"repeat","background-position":"center center","background-size":"auto","background-attachment":"scroll","background-type":"","background-media":"","overlay-type":"","overlay-color":"","overlay-opacity":"","overlay-gradient":""},"tablet":{"background-color":"","background-image":"","background-repeat":"repeat","background-position":"center center","background-size":"auto","background-attachment":"scroll","background-type":"","background-media":"","overlay-type":"","overlay-color":"","overlay-opacity":"","overlay-gradient":""},"mobile":{"background-color":"","background-image":"","background-repeat":"repeat","background-position":"center center","background-size":"auto","background-attachment":"scroll","background-type":"","background-media":"","overlay-type":"","overlay-color":"","overlay-opacity":"","overlay-gradient":""}},"ast-content-background-meta":{"desktop":{"background-color":"var(--ast-global-color-5)","background-image":"","background-repeat":"repeat","background-position":"center center","background-size":"auto","background-attachment":"scroll","background-type":"","background-media":"","overlay-type":"","overlay-color":"","overlay-opacity":"","overlay-gradient":""},"tablet":{"background-color":"var(--ast-global-color-5)","background-image":"","background-repeat":"repeat","background-position":"center center","background-size":"auto","background-attachment":"scroll","background-type":"","background-media":"","overlay-type":"","overlay-color":"","overlay-opacity":"","overlay-gradient":""},"mobile":{"background-color":"var(--ast-global-color-5)","background-image":"","background-repeat":"repeat","background-position":"center center","background-size":"auto","background-attachment":"scroll","background-type":"","background-media":"","overlay-type":"","overlay-color":"","overlay-opacity":"","overlay-gradient":""}}},"product_cat":[131,142,143,140,156,155,130,154,111,90],"product_tag":[],"class_list":{"0":"post-3036","1":"product","2":"type-product","3":"status-publish","4":"has-post-thumbnail","6":"product_cat-aceite-de-motor","7":"product_cat-bmw-f01","8":"product_cat-bmw-f02","9":"product_cat-bmw-f10","10":"product_cat-bmw-f12","11":"product_cat-bmw-f32","12":"product_cat-filtro-de-aceite","13":"product_cat-kit-cambio-de-aceite","14":"product_cat-bmw-f30","15":"product_cat-n47","16":"desktop-align-left","17":"tablet-align-left","18":"mobile-align-left","20":"first","21":"instock","22":"sale","23":"taxable","24":"shipping-taxable","25":"purchasable","26":"product-type-variable"},"_links":{"self":[{"href":"https:\/\/shop.bimmerstock.eu\/en\/wp-json\/wp\/v2\/product\/3036","targetHints":{"allow":["GET"]}}],"collection":[{"href":"https:\/\/shop.bimmerstock.eu\/en\/wp-json\/wp\/v2\/product"}],"about":[{"href":"https:\/\/shop.bimmerstock.eu\/en\/wp-json\/wp\/v2\/types\/product"}],"replies":[{"embeddable":true,"href":"https:\/\/shop.bimmerstock.eu\/en\/wp-json\/wp\/v2\/comments?post=3036"}],"version-history":[{"count":1,"href":"https:\/\/shop.bimmerstock.eu\/en\/wp-json\/wp\/v2\/product\/3036\/revisions"}],"predecessor-version":[{"id":3045,"href":"https:\/\/shop.bimmerstock.eu\/en\/wp-json\/wp\/v2\/product\/3036\/revisions\/3045"}],"wp:featuredmedia":[{"embeddable":true,"href":"https:\/\/shop.bimmerstock.eu\/en\/wp-json\/wp\/v2\/media\/3049"}],"wp:attachment":[{"href":"https:\/\/shop.bimmerstock.eu\/en\/wp-json\/wp\/v2\/media?parent=3036"}],"wp:term":[{"taxonomy":"product_cat","embeddable":true,"href":"https:\/\/shop.bimmerstock.eu\/en\/wp-json\/wp\/v2\/product_cat?post=3036"},{"taxonomy":"product_tag","embeddable":true,"href":"https:\/\/shop.bimmerstock.eu\/en\/wp-json\/wp\/v2\/product_tag?post=3036"}],"curies":[{"name":"wp","href":"https:\/\/api.w.org\/{rel}","templated":true}]}}