{"id":2877,"date":"2024-06-11T08:39:42","date_gmt":"2024-06-11T08:39:42","guid":{"rendered":"https:\/\/shop.bimmerstock.eu\/?post_type=product&#038;p=2877"},"modified":"2024-06-12T07:29:18","modified_gmt":"2024-06-12T07:29:18","slug":"juego-de-suspensiones-roscadas-mts-technik-para-bmw-e34","status":"publish","type":"product","link":"https:\/\/shop.bimmerstock.eu\/en\/product\/juego-de-suspensiones-roscadas-mts-technik-para-bmw-e34","title":{"rendered":"Juego de Suspensiones Roscadas MTS Technik para BMW E34"},"content":{"rendered":"<p>Juego completo de suspensiones roscadas para BMW E34 sedan y touring.<\/p>\n<p><strong>Somos la \u00fanica tienda on-line que te env\u00eda tus roscadas ya con mangueta soldada a cambio de tus manguetas originales.<\/strong><\/p>\n<p>MTS Technik es una marca polaca que cumple los est\u00e1ndares T\u00dcV garantizando su calidad y la posibilidad de homologarlas en cualquier veh\u00edculo.<\/p>\n<p>Utilizan muelles EIBACH y se fabrican siguiendo un cuidado proceso con gran atenci\u00f3n al detalle. El recubrimiento dorado es de doble capa lo que asegura una duradera protecci\u00f3n contra el \u00f3xido. Tambi\u00e9n hay una versi\u00f3n de acero inoxidable.<\/p>\n<p><strong>Nuestras experiencia<\/strong> con la marca es positiva y podemos asegurar que es la opci\u00f3n m\u00e1s competitiva en relaci\u00f3n calidad\/precio.<\/p>\n<p>Las roscadas son una buena opci\u00f3n cuando quieres ajustar la altura del coche y poder influir en el reparto de pesos. Adem\u00e1s de ofrecer la posibilidad de montaje, podemos pesar tu coche en las cuatro ruedas para hacer un setup que se adapte a tu estilo de conducci\u00f3n y preferencias.<\/p>\n<p>El sistema de amortiguaci\u00f3n delantero se basa en dos muelles EIBACH por amortiguador, creando un sistema progresivo que mejora la comodidad al principio del recorrido y endurece m\u00e1s la suspensi\u00f3n a medida que se carga el eje. En este kit en concreto la <strong>altura y la precarga del muelle se ajustan por separado.<\/strong><\/p>\n<p><strong>Configura tu kit seg\u00fan quieras certificado T\u00dcV (facilita la homologaci\u00f3n), copelas delanteras, el tarado de la suspensi\u00f3n (Comfort, Street o Sport) o el acabado.<\/strong><\/p>\n<h5>Caracter\u00edsticas:<\/h5>\n<ul>\n<li>Incluye copelas regulables delanteras MTS<\/li>\n<li>No incluye copelas traseras. Puedes usar las de origen del coche o pedirnos unas nuevas tipo OE.<\/li>\n<li>Recubrimiento zincado de doble capa o cuerpo de acero inoxidable (Gold o Inox)<\/li>\n<li>Muelles EIBACH de recorrido progresivo<\/li>\n<li>Homologaci\u00f3n T\u00dcV opcional<\/li>\n<li>Peso m\u00e1ximo en eje delantero: 1060kg<\/li>\n<li>Peso m\u00e1ximo en eje trasero: 1300kg<\/li>\n<li>Rebaje de altura eje delantero: 20-95mm<\/li>\n<li>Rebaje de altura eje trasero: 20-85mm<\/li>\n<li>Para mangueta de 55mm.<\/li>\n<\/ul>\n<h5>Consideraciones:<\/h5>\n<ul>\n<li><span data-sheets-value=\"{&quot;1&quot;:2,&quot;2&quot;:&quot;Para la instalaci\u00f3n es necesario cortar la mangueta original para soldar el cuerpo roscado del amortiguador. En la versi\u00f3n T\u00dcV se requiere enviarnos tus manguetas originales y el plazo de entrega es de 4 semanas.&quot;}\" data-sheets-userformat=\"{&quot;2&quot;:16897,&quot;3&quot;:{&quot;1&quot;:0},&quot;12&quot;:0,&quot;17&quot;:1}\">Para la instalaci\u00f3n es necesario cortar la mangueta original para soldar el cuerpo roscado del amortiguador. <strong>Te ofrecemos 3 opciones:<\/strong><\/span>\n<ul>\n<li>Comprar el juego de suspensiones y modificarlo t\u00fa mismo. No tendr\u00e1s certificado T\u00dcV. Puedes homologarlas igualmente.<\/li>\n<li>Comprar el juego de suspensiones ya modificado por EBS y enviar tus manguetas como \u00abcasco\u00bb. No tendr\u00e1s certificado T\u00dcV. Puedes homologar igualmente. Si no tenemos en stock, el plazo es de 1-2 semanas.<\/li>\n<li>Comprar el juego de suspensiones ya modificado por MTS. Tendr\u00e1s certificado T\u00dcV. El plazo es de 4-6 semanas.<\/li>\n<\/ul>\n<\/li>\n<li>No v\u00e1lido para versiones 4&#215;4<\/li>\n<li>Si tu coche ya equipaba suspensi\u00f3n deportiva de f\u00e1brica, la rebaja de altura anunciada puede ser menor<\/li>\n<li>Durante la instalaci\u00f3n <strong>es vital<\/strong> asegurarse de la distancia m\u00ednima que ha de haber entre rueda y aleta: 5mm<\/li>\n<li>El ajustador de altura trasero se monta en la parte superior<\/li>\n<li>En algunos casos son necesarias piezas adicionales OEM para la instalaci\u00f3n. Estas no se incluyen en el kit.<\/li>\n<\/ul>\n<h5>COMPATIBILIDAD:<\/h5>\n\n<table id=\"tablepress-10\" class=\"tablepress tablepress-id-10\">\n<thead>\n<tr class=\"row-1 odd\">\n\t<th class=\"column-1\">A\u00d1O<\/th><th class=\"column-2\">MODELO<\/th><th class=\"column-3\">GENERACI\u00d3N<\/th><th class=\"column-4\">CARROCER\u00cdA<\/th>\n<\/tr>\n<\/thead>\n<tbody class=\"row-hover\">\n<tr class=\"row-2 even\">\n\t<td class=\"column-1\">1989-1996<\/td><td class=\"column-2\">518i<\/td><td class=\"column-3\">E34<\/td><td class=\"column-4\">TODAS<\/td>\n<\/tr>\n<tr class=\"row-3 odd\">\n\t<td class=\"column-1\">1995-1996<\/td><td class=\"column-2\">518g<\/td><td class=\"column-3\">E34<\/td><td class=\"column-4\">TODAS<\/td>\n<\/tr>\n<tr class=\"row-4 even\">\n\t<td class=\"column-1\">1988-1996<\/td><td class=\"column-2\">520i<\/td><td class=\"column-3\">E34<\/td><td class=\"column-4\">TODAS<\/td>\n<\/tr>\n<tr class=\"row-5 odd\">\n\t<td class=\"column-1\">1988-1996<\/td><td class=\"column-2\">525i<\/td><td class=\"column-3\">E34<\/td><td class=\"column-4\">TODAS<\/td>\n<\/tr>\n<tr class=\"row-6 even\">\n\t<td class=\"column-1\">1988-1996<\/td><td class=\"column-2\">530i<\/td><td class=\"column-3\">E34<\/td><td class=\"column-4\">TODAS<\/td>\n<\/tr>\n<tr class=\"row-7 odd\">\n\t<td class=\"column-1\">1988-1992<\/td><td class=\"column-2\">535i<\/td><td class=\"column-3\">E34<\/td><td class=\"column-4\">TODAS<\/td>\n<\/tr>\n<tr class=\"row-8 even\">\n\t<td class=\"column-1\">1991-1996<\/td><td class=\"column-2\">540i<\/td><td class=\"column-3\">E34<\/td><td class=\"column-4\">TODAS<\/td>\n<\/tr>\n<tr class=\"row-9 odd\">\n\t<td class=\"column-1\">1988-1995<\/td><td class=\"column-2\">M5<\/td><td class=\"column-3\">E34<\/td><td class=\"column-4\">TODAS<\/td>\n<\/tr>\n<\/tbody>\n<\/table>\n<!-- #tablepress-10 from cache -->\n<p>&nbsp;<\/p>","protected":false},"excerpt":{"rendered":"<p>Juego completo de suspensiones roscadas para BMW E34 sedan y touring. Somos la \u00fanica tienda on-line que te env\u00eda tus roscadas ya con mangueta soldada a cambio de tus manguetas originales. MTS Technik es una marca polaca que cumple los est\u00e1ndares T\u00dcV garantizando su calidad y la posibilidad de homologarlas en cualquier veh\u00edculo. Utilizan muelles [&hellip;]<\/p>","protected":false},"featured_media":2927,"comment_status":"open","ping_status":"closed","template":"","meta":{"site-sidebar-layout":"default","site-content-layout":"default","ast-site-content-layout":"default","site-content-style":"default","site-sidebar-style":"default","ast-global-header-display":"","ast-banner-title-visibility":"","ast-main-header-display":"","ast-hfb-above-header-display":"","ast-hfb-below-header-display":"","ast-hfb-mobile-header-display":"","site-post-title":"","ast-breadcrumbs-content":"","ast-featured-img":"","footer-sml-layout":"","theme-transparent-header-meta":"default","adv-header-id-meta":"","stick-header-meta":"","header-above-stick-meta":"","header-main-stick-meta":"","header-below-stick-meta":"","astra-migrate-meta-layouts":"set","ast-page-background-enabled":"default","ast-page-background-meta":{"desktop":{"background-color":"var(--ast-global-color-4)","background-image":"","background-repeat":"repeat","background-position":"center center","background-size":"auto","background-attachment":"scroll","background-type":"","background-media":"","overlay-type":"","overlay-color":"","overlay-opacity":"","overlay-gradient":""},"tablet":{"background-color":"","background-image":"","background-repeat":"repeat","background-position":"center center","background-size":"auto","background-attachment":"scroll","background-type":"","background-media":"","overlay-type":"","overlay-color":"","overlay-opacity":"","overlay-gradient":""},"mobile":{"background-color":"","background-image":"","background-repeat":"repeat","background-position":"center center","background-size":"auto","background-attachment":"scroll","background-type":"","background-media":"","overlay-type":"","overlay-color":"","overlay-opacity":"","overlay-gradient":""}},"ast-content-background-meta":{"desktop":{"background-color":"var(--ast-global-color-5)","background-image":"","background-repeat":"repeat","background-position":"center center","background-size":"auto","background-attachment":"scroll","background-type":"","background-media":"","overlay-type":"","overlay-color":"","overlay-opacity":"","overlay-gradient":""},"tablet":{"background-color":"var(--ast-global-color-5)","background-image":"","background-repeat":"repeat","background-position":"center center","background-size":"auto","background-attachment":"scroll","background-type":"","background-media":"","overlay-type":"","overlay-color":"","overlay-opacity":"","overlay-gradient":""},"mobile":{"background-color":"var(--ast-global-color-5)","background-image":"","background-repeat":"repeat","background-position":"center center","background-size":"auto","background-attachment":"scroll","background-type":"","background-media":"","overlay-type":"","overlay-color":"","overlay-opacity":"","overlay-gradient":""}}},"product_cat":[92,23,24,30],"product_tag":[149,26,27,28,29],"class_list":{"0":"post-2877","1":"product","2":"type-product","3":"status-publish","4":"has-post-thumbnail","6":"product_cat-bmw-e34","7":"product_cat-suspensiones","8":"product_cat-roscadas","9":"product_cat-roscadas-mts","10":"product_tag-bmw-e34","11":"product_tag-mts-technik","12":"product_tag-roscadas","13":"product_tag-roscadas-mts","14":"product_tag-suspensiones","15":"desktop-align-left","16":"tablet-align-left","17":"mobile-align-left","19":"first","20":"onbackorder","21":"sale","22":"taxable","23":"shipping-taxable","24":"purchasable","25":"product-type-variable"},"_links":{"self":[{"href":"https:\/\/shop.bimmerstock.eu\/en\/wp-json\/wp\/v2\/product\/2877","targetHints":{"allow":["GET"]}}],"collection":[{"href":"https:\/\/shop.bimmerstock.eu\/en\/wp-json\/wp\/v2\/product"}],"about":[{"href":"https:\/\/shop.bimmerstock.eu\/en\/wp-json\/wp\/v2\/types\/product"}],"replies":[{"embeddable":true,"href":"https:\/\/shop.bimmerstock.eu\/en\/wp-json\/wp\/v2\/comments?post=2877"}],"version-history":[{"count":5,"href":"https:\/\/shop.bimmerstock.eu\/en\/wp-json\/wp\/v2\/product\/2877\/revisions"}],"predecessor-version":[{"id":2996,"href":"https:\/\/shop.bimmerstock.eu\/en\/wp-json\/wp\/v2\/product\/2877\/revisions\/2996"}],"wp:featuredmedia":[{"embeddable":true,"href":"https:\/\/shop.bimmerstock.eu\/en\/wp-json\/wp\/v2\/media\/2927"}],"wp:attachment":[{"href":"https:\/\/shop.bimmerstock.eu\/en\/wp-json\/wp\/v2\/media?parent=2877"}],"wp:term":[{"taxonomy":"product_cat","embeddable":true,"href":"https:\/\/shop.bimmerstock.eu\/en\/wp-json\/wp\/v2\/product_cat?post=2877"},{"taxonomy":"product_tag","embeddable":true,"href":"https:\/\/shop.bimmerstock.eu\/en\/wp-json\/wp\/v2\/product_tag?post=2877"}],"curies":[{"name":"wp","href":"https:\/\/api.w.org\/{rel}","templated":true}]}}