{"id":2726,"date":"2024-06-10T09:44:32","date_gmt":"2024-06-10T09:44:32","guid":{"rendered":"https:\/\/shop.bimmerstock.eu\/?post_type=product&#038;p=2726"},"modified":"2024-06-12T08:52:58","modified_gmt":"2024-06-12T08:52:58","slug":"kit-cambio-aceite-bmw-m10","status":"publish","type":"product","link":"https:\/\/shop.bimmerstock.eu\/en\/product\/kit-cambio-aceite-bmw-m10","title":{"rendered":"KIT CAMBIO ACEITE BMW M10 y S54"},"content":{"rendered":"<p>KIT cambio de aceite para motores BMW M10 y S54.<\/p>\n<p>Nuestros kits de cambio de aceite te facilitan la vida al ofrecerte todo lo necesario para el mantenimiento de tu coche desde un mismo sitio y con env\u00edo 24 horas. Este kit de cambio de aceite para motores M10 incluye los mismos productos que durante a\u00f1os hemos probado en nuestro taller y en nuestros propios coches.<\/p>\n<p>Recomendamos siempre a\u00f1adir el limpiador de motor XENUM que nos permite hacer una limpieza en marcha, y no solo al ralent\u00ed, para notar un cambio en suavidad y sonido.<\/p>\n<p>El KIT incluye:<\/p>\n<ul>\n<li>Aceite de motor (a elegir entre RAVENOL TSi 10w40, VST 5w40 o RUP 5w40)<\/li>\n<li>Filtro de aceite<\/li>\n<li>Arandela para el tornillo de c\u00e1rter<\/li>\n<\/ul>\n<p>Y puedes opcionalmente a\u00f1adir:<\/p>\n<ul>\n<li>Aditivo de limpieza de motor XENUM M-FLUSH<\/li>\n<li>Aceite \u00abbarato\u00bb para realizar limpieza intensiva<\/li>\n<li>1L extra de aceite para rellenos<\/li>\n<\/ul>\n<hr \/>\n<p><strong>\u00bfQu\u00e9 aceite escojo?<\/strong><\/p>\n<p>Ambas opciones son buenas para el M10 y nos decantar\u00edamos por una u otra dependiendo del uso:<\/p>\n<ul>\n<li>TSi 10w40: Para uso diario con uso \u00absport\u00bb muy espor\u00e1dico (\u00abde vez en cuando le pego alguna apretada\u00bb)<\/li>\n<li>VST 5w40: Para uso diario con uso \u00absport\u00bb cada fin de semana (\u00abentre semana es mi <em>daily<\/em> pero los findes salgo a estrujarlo\u00bb)<\/li>\n<li>RUP 5w40: Para uso \u00absport\u00bb intenso en d\u00edas de tandas o carreras<\/li>\n<\/ul>\n<hr \/>\n<p><strong>\u00bfDebo usar el aditivo de limpieza?<\/strong><\/p>\n<p>Si nunca has usado un aditivo de limpieza en ning\u00fan cambio de aceite definitivamente la respuesta es<strong> s\u00ed<\/strong>.<\/p>\n<p>Pero podemos ampliar la respuesta con varios casos de uso. Es importante valorar el estado actual del motor de una forma muy sencilla; abre el tap\u00f3n de llenado y mira que color tienen las partes internas de tu motor:<\/p>\n<ul>\n<li><strong>Tienen un color met\u00e1lico:<\/strong> \u00a1buena se\u00f1al! Puedes simplemente a\u00f1adir el aditivo de limpieza al aceite actual, hacer unos 50-100km, y hacer el cambio.<\/li>\n<li><strong>Tienen un color rojo\/marr\u00f3n\/negro con o sin sedimentos en algunas zonas:<\/strong> \u00a1necesitamos una limpieza intensiva! Recomendamos hacer un cambio de aceite primero usando un aceite \u00abbarato\u00bb al que le a\u00f1adiremos el aditivo de limpieza para poder hacer hasta 300km de limpieza antes de volver a cambiar el aceite y poner ya el definitivo. Usar aceite nuevo nos permite hacer una limpieza m\u00e1s larga que nos ayudar\u00e1 con los sedimentos y cualquier obturaci\u00f3n que podamos tener en el bloque.<\/li>\n<\/ul>","protected":false},"excerpt":{"rendered":"<p>KIT cambio de aceite para motores BMW M10 y S54. Nuestros kits de cambio de aceite te facilitan la vida al ofrecerte todo lo necesario para el mantenimiento de tu coche desde un mismo sitio y con env\u00edo 24 horas. Este kit de cambio de aceite para motores M10 incluye los mismos productos que durante [&hellip;]<\/p>","protected":false},"featured_media":3051,"comment_status":"open","ping_status":"closed","template":"","meta":{"site-sidebar-layout":"default","site-content-layout":"","ast-site-content-layout":"default","site-content-style":"default","site-sidebar-style":"default","ast-global-header-display":"","ast-banner-title-visibility":"","ast-main-header-display":"","ast-hfb-above-header-display":"","ast-hfb-below-header-display":"","ast-hfb-mobile-header-display":"","site-post-title":"","ast-breadcrumbs-content":"","ast-featured-img":"","footer-sml-layout":"","theme-transparent-header-meta":"default","adv-header-id-meta":"","stick-header-meta":"","header-above-stick-meta":"","header-main-stick-meta":"","header-below-stick-meta":"","astra-migrate-meta-layouts":"set","ast-page-background-enabled":"default","ast-page-background-meta":{"desktop":{"background-color":"var(--ast-global-color-4)","background-image":"","background-repeat":"repeat","background-position":"center center","background-size":"auto","background-attachment":"scroll","background-type":"","background-media":"","overlay-type":"","overlay-color":"","overlay-opacity":"","overlay-gradient":""},"tablet":{"background-color":"","background-image":"","background-repeat":"repeat","background-position":"center center","background-size":"auto","background-attachment":"scroll","background-type":"","background-media":"","overlay-type":"","overlay-color":"","overlay-opacity":"","overlay-gradient":""},"mobile":{"background-color":"","background-image":"","background-repeat":"repeat","background-position":"center center","background-size":"auto","background-attachment":"scroll","background-type":"","background-media":"","overlay-type":"","overlay-color":"","overlay-opacity":"","overlay-gradient":""}},"ast-content-background-meta":{"desktop":{"background-color":"var(--ast-global-color-5)","background-image":"","background-repeat":"repeat","background-position":"center center","background-size":"auto","background-attachment":"scroll","background-type":"","background-media":"","overlay-type":"","overlay-color":"","overlay-opacity":"","overlay-gradient":""},"tablet":{"background-color":"var(--ast-global-color-5)","background-image":"","background-repeat":"repeat","background-position":"center center","background-size":"auto","background-attachment":"scroll","background-type":"","background-media":"","overlay-type":"","overlay-color":"","overlay-opacity":"","overlay-gradient":""},"mobile":{"background-color":"var(--ast-global-color-5)","background-image":"","background-repeat":"repeat","background-position":"center center","background-size":"auto","background-attachment":"scroll","background-type":"","background-media":"","overlay-type":"","overlay-color":"","overlay-opacity":"","overlay-gradient":""}}},"product_cat":[131,125,126,127,130,154,128,114,78],"product_tag":[],"class_list":{"0":"post-2726","1":"product","2":"type-product","3":"status-publish","4":"has-post-thumbnail","6":"product_cat-aceite-de-motor","7":"product_cat-bmw-02","8":"product_cat-bmw-e12","9":"product_cat-bmw-e28","10":"product_cat-filtro-de-aceite","11":"product_cat-kit-cambio-de-aceite","12":"product_cat-s54","13":"product_cat-bmw-e21","14":"product_cat-m10","15":"desktop-align-left","16":"tablet-align-left","17":"mobile-align-left","19":"first","20":"instock","21":"sale","22":"taxable","23":"shipping-taxable","24":"purchasable","25":"product-type-variable"},"_links":{"self":[{"href":"https:\/\/shop.bimmerstock.eu\/en\/wp-json\/wp\/v2\/product\/2726","targetHints":{"allow":["GET"]}}],"collection":[{"href":"https:\/\/shop.bimmerstock.eu\/en\/wp-json\/wp\/v2\/product"}],"about":[{"href":"https:\/\/shop.bimmerstock.eu\/en\/wp-json\/wp\/v2\/types\/product"}],"replies":[{"embeddable":true,"href":"https:\/\/shop.bimmerstock.eu\/en\/wp-json\/wp\/v2\/comments?post=2726"}],"version-history":[{"count":9,"href":"https:\/\/shop.bimmerstock.eu\/en\/wp-json\/wp\/v2\/product\/2726\/revisions"}],"predecessor-version":[{"id":2793,"href":"https:\/\/shop.bimmerstock.eu\/en\/wp-json\/wp\/v2\/product\/2726\/revisions\/2793"}],"wp:featuredmedia":[{"embeddable":true,"href":"https:\/\/shop.bimmerstock.eu\/en\/wp-json\/wp\/v2\/media\/3051"}],"wp:attachment":[{"href":"https:\/\/shop.bimmerstock.eu\/en\/wp-json\/wp\/v2\/media?parent=2726"}],"wp:term":[{"taxonomy":"product_cat","embeddable":true,"href":"https:\/\/shop.bimmerstock.eu\/en\/wp-json\/wp\/v2\/product_cat?post=2726"},{"taxonomy":"product_tag","embeddable":true,"href":"https:\/\/shop.bimmerstock.eu\/en\/wp-json\/wp\/v2\/product_tag?post=2726"}],"curies":[{"name":"wp","href":"https:\/\/api.w.org\/{rel}","templated":true}]}}