{"id":27,"date":"2023-06-18T18:23:20","date_gmt":"2023-06-18T18:23:20","guid":{"rendered":"https:\/\/shop.bimmerstock.eu\/?post_type=product&#038;p=27"},"modified":"2024-06-12T13:39:12","modified_gmt":"2024-06-12T13:39:12","slug":"juego-de-suspensiones-roscadas-mts-technik-para-bmw-2500-3-3-e3","status":"publish","type":"product","link":"https:\/\/shop.bimmerstock.eu\/en\/product\/juego-de-suspensiones-roscadas-mts-technik-para-bmw-2500-3-3-e3","title":{"rendered":"Juego de Suspensiones Roscadas MTS Technik para BMW 2500-3.3 \/ E3"},"content":{"rendered":"<p>Juego completo de suspensiones roscadas para BMW 2500-3.3 \/ E3.<\/p>\n<p>MTS Technik es una marca polaca que cumple los est\u00e1ndares T\u00dcV garantizando su calidad y la posibilidad de homologarlas en cualquier veh\u00edculo.<\/p>\n<p>Utilizan muelles EIBACH y se fabrican siguiendo un cuidado proceso con gran atenci\u00f3n al detalle. El recubrimiento dorado es de doble capa lo que asegura una duradera protecci\u00f3n contra el \u00f3xido.<\/p>\n<p><strong>Nuestras experiencia<\/strong> con la marca es positiva y podemos asegurar que es la opci\u00f3n m\u00e1s competitiva en relaci\u00f3n calidad\/precio.<\/p>\n<p>Veh\u00edculos compatibles:<\/p>\n<p>BMW 2500-3.3 \/ E3 (10\/68 &#8211; 04\/77): Motorizaciones: 2500 \/ 2800 \/ 2.8 L \/ 3.0 S \/ 3.0 L \/ 3.0 Si \/ 3.2 Li \/ 3.3 L<\/p>\n<p>Las roscadas son una buena opci\u00f3n cuando quieres ajustar la altura del coche y poder influir en el reparto de pesos. Adem\u00e1s de ofrecer la posibilidad de montaje, podemos pesar tu coche en las cuatro ruedas para hacer un setup que se adapte a tu estilo de conducci\u00f3n y preferencias.<\/p>\n<p>El sistema de amortiguaci\u00f3n delantero se basa en dos muelles EIBACH por amortiguador, creando un sistema progresivo que mejora la comodidad al principio del recorrido y endurece m\u00e1s la suspensi\u00f3n a medida que se carga el eje. En este kit en concreto la altura y la precarga del muelle no se ajustan por separado.<\/p>\n<p><strong>El kit incluye copelas ajustables delanteras.<\/strong><\/p>\n<p>Caracter\u00edsticas:<\/p>\n<ul>\n<li>Series:<strong> Street<\/strong><\/li>\n<li>Recubrimiento zincado de doble capa<\/li>\n<li>Muelles EIBACH de recorrido progresivo<\/li>\n<li>Posibilidad de certificado T\u00dcV<\/li>\n<li>Rebaja de altura en el eje delantero: 25-85mm<\/li>\n<li>Rebaja de altura en el eje trasero: 30-95mm<\/li>\n<li>Peso m\u00e1ximo en eje delantero: 980kg<\/li>\n<li>Peso m\u00e1ximo en eje trasero: 1070kg<\/li>\n<\/ul>\n<p>Consideraciones:<\/p>\n<ul>\n<li><b>Para la instalaci\u00f3n es necesario <\/b>cortar la mangueta original para soldar el cuerpo roscado del amortiguador.\u00a0<strong>En la versi\u00f3n T\u00dcV se requiere enviarnos tus manguetas originales y el plazo de entrega es de 4 semanas.<\/strong><\/li>\n<li>Si tu coche ya equipaba suspensi\u00f3n deportiva de f\u00e1brica, la rebaja de altura anunciada puede ser menor<\/li>\n<li>Durante la instalaci\u00f3n <strong>es vital<\/strong> asegurarse de la distancia m\u00ednima que ha de haber entre rueda y aleta: 5mm<\/li>\n<li>El ajustador de altura trasero se monta en la parte superior<\/li>\n<li>En algunos casos son necesarias piezas adicionales OEM para la instalaci\u00f3n. Estas no se incluyen en el kit.<\/li>\n<\/ul>","protected":false},"excerpt":{"rendered":"<p>Juego completo de suspensiones roscadas para BMW 2500-3.3 \/ E3. MTS Technik es una marca polaca que cumple los est\u00e1ndares T\u00dcV garantizando su calidad y la posibilidad de homologarlas en cualquier veh\u00edculo. Utilizan muelles EIBACH y se fabrican siguiendo un cuidado proceso con gran atenci\u00f3n al detalle. El recubrimiento dorado es de doble capa lo [&hellip;]<\/p>","protected":false},"featured_media":49,"comment_status":"open","ping_status":"closed","template":"","meta":{"site-sidebar-layout":"default","site-content-layout":"default","ast-site-content-layout":"default","site-content-style":"default","site-sidebar-style":"default","ast-global-header-display":"","ast-banner-title-visibility":"","ast-main-header-display":"","ast-hfb-above-header-display":"","ast-hfb-below-header-display":"","ast-hfb-mobile-header-display":"","site-post-title":"","ast-breadcrumbs-content":"","ast-featured-img":"","footer-sml-layout":"","theme-transparent-header-meta":"default","adv-header-id-meta":"","stick-header-meta":"","header-above-stick-meta":"","header-main-stick-meta":"","header-below-stick-meta":"","astra-migrate-meta-layouts":"set","ast-page-background-enabled":"default","ast-page-background-meta":{"desktop":{"background-color":"var(--ast-global-color-4)","background-image":"","background-repeat":"repeat","background-position":"center center","background-size":"auto","background-attachment":"scroll","background-type":"","background-media":"","overlay-type":"","overlay-color":"","overlay-opacity":"","overlay-gradient":""},"tablet":{"background-color":"","background-image":"","background-repeat":"repeat","background-position":"center center","background-size":"auto","background-attachment":"scroll","background-type":"","background-media":"","overlay-type":"","overlay-color":"","overlay-opacity":"","overlay-gradient":""},"mobile":{"background-color":"","background-image":"","background-repeat":"repeat","background-position":"center center","background-size":"auto","background-attachment":"scroll","background-type":"","background-media":"","overlay-type":"","overlay-color":"","overlay-opacity":"","overlay-gradient":""}},"ast-content-background-meta":{"desktop":{"background-color":"var(--ast-global-color-5)","background-image":"","background-repeat":"repeat","background-position":"center center","background-size":"auto","background-attachment":"scroll","background-type":"","background-media":"","overlay-type":"","overlay-color":"","overlay-opacity":"","overlay-gradient":""},"tablet":{"background-color":"var(--ast-global-color-5)","background-image":"","background-repeat":"repeat","background-position":"center center","background-size":"auto","background-attachment":"scroll","background-type":"","background-media":"","overlay-type":"","overlay-color":"","overlay-opacity":"","overlay-gradient":""},"mobile":{"background-color":"var(--ast-global-color-5)","background-image":"","background-repeat":"repeat","background-position":"center center","background-size":"auto","background-attachment":"scroll","background-type":"","background-media":"","overlay-type":"","overlay-color":"","overlay-opacity":"","overlay-gradient":""}}},"product_cat":[115,23,24,30],"product_tag":[33,26,27,28,29],"class_list":{"0":"post-27","1":"product","2":"type-product","3":"status-publish","4":"has-post-thumbnail","6":"product_cat-bmw-e3","7":"product_cat-suspensiones","8":"product_cat-roscadas","9":"product_cat-roscadas-mts","10":"product_tag-bmw-e3","11":"product_tag-mts-technik","12":"product_tag-roscadas","13":"product_tag-roscadas-mts","14":"product_tag-suspensiones","15":"product_shipping_class-suspensiones","16":"desktop-align-left","17":"tablet-align-left","18":"mobile-align-left","20":"first","21":"onbackorder","22":"sale","23":"taxable","24":"shipping-taxable","25":"purchasable","26":"product-type-variable"},"_links":{"self":[{"href":"https:\/\/shop.bimmerstock.eu\/en\/wp-json\/wp\/v2\/product\/27","targetHints":{"allow":["GET"]}}],"collection":[{"href":"https:\/\/shop.bimmerstock.eu\/en\/wp-json\/wp\/v2\/product"}],"about":[{"href":"https:\/\/shop.bimmerstock.eu\/en\/wp-json\/wp\/v2\/types\/product"}],"replies":[{"embeddable":true,"href":"https:\/\/shop.bimmerstock.eu\/en\/wp-json\/wp\/v2\/comments?post=27"}],"version-history":[{"count":1,"href":"https:\/\/shop.bimmerstock.eu\/en\/wp-json\/wp\/v2\/product\/27\/revisions"}],"predecessor-version":[{"id":2582,"href":"https:\/\/shop.bimmerstock.eu\/en\/wp-json\/wp\/v2\/product\/27\/revisions\/2582"}],"wp:featuredmedia":[{"embeddable":true,"href":"https:\/\/shop.bimmerstock.eu\/en\/wp-json\/wp\/v2\/media\/49"}],"wp:attachment":[{"href":"https:\/\/shop.bimmerstock.eu\/en\/wp-json\/wp\/v2\/media?parent=27"}],"wp:term":[{"taxonomy":"product_cat","embeddable":true,"href":"https:\/\/shop.bimmerstock.eu\/en\/wp-json\/wp\/v2\/product_cat?post=27"},{"taxonomy":"product_tag","embeddable":true,"href":"https:\/\/shop.bimmerstock.eu\/en\/wp-json\/wp\/v2\/product_tag?post=27"}],"curies":[{"name":"wp","href":"https:\/\/api.w.org\/{rel}","templated":true}]}}