{"id":2690,"date":"2024-06-10T07:19:38","date_gmt":"2024-06-10T07:19:38","guid":{"rendered":"https:\/\/shop.bimmerstock.eu\/?post_type=product&#038;p=2690"},"modified":"2024-06-12T14:11:43","modified_gmt":"2024-06-12T14:11:43","slug":"servicio-reconstruccion-vanos-bmw-m54","status":"publish","type":"product","link":"https:\/\/shop.bimmerstock.eu\/en\/product\/servicio-reconstruccion-vanos-bmw-m54","title":{"rendered":"Servicio reconstrucci\u00f3n VANOS BMW M54"},"content":{"rendered":"<p>Este es un servicio de Reconstrucci\u00f3n de los VANOS que equipan los motores BMW M52T\u00dc y M54 fabricados desde el 1998 al 2006:<\/p>\n<p>COMPATIBILIDAD:<\/p>\n\n<table id=\"tablepress-1\" class=\"tablepress tablepress-id-1\">\n<thead>\n<tr class=\"row-1 odd\">\n\t<th class=\"column-1\">A\u00d1O<\/th><th class=\"column-2\">MODELO<\/th><th class=\"column-3\">GENERACI\u00d3N<\/th><th class=\"column-4\">CARROCER\u00cdA<\/th><th class=\"column-5\">MOTOR<\/th><th class=\"column-6\">POTENCIA (kW\/CV)<\/th>\n<\/tr>\n<\/thead>\n<tbody class=\"row-hover\">\n<tr class=\"row-2 even\">\n\t<td class=\"column-1\">1998-2000<\/td><td class=\"column-2\">320i<\/td><td class=\"column-3\">E46<\/td><td class=\"column-4\">TODAS<\/td><td class=\"column-5\">M52T\u00dcB20<\/td><td class=\"column-6\">110\/150<\/td>\n<\/tr>\n<tr class=\"row-3 odd\">\n\t<td class=\"column-1\">1998-2000<\/td><td class=\"column-2\">323i<\/td><td class=\"column-3\">E46<\/td><td class=\"column-4\">TODAS<\/td><td class=\"column-5\">M52T\u00dcB25<\/td><td class=\"column-6\">125\/170<\/td>\n<\/tr>\n<tr class=\"row-4 even\">\n\t<td class=\"column-1\">1998-2000<\/td><td class=\"column-2\">328i<\/td><td class=\"column-3\">E46<\/td><td class=\"column-4\">TODAS<\/td><td class=\"column-5\">M52T\u00dcB28<\/td><td class=\"column-6\">142\/193<\/td>\n<\/tr>\n<tr class=\"row-5 odd\">\n\t<td class=\"column-1\">1998-2000<\/td><td class=\"column-2\">520i<\/td><td class=\"column-3\">E39<\/td><td class=\"column-4\">TODAS<\/td><td class=\"column-5\">M52T\u00dcB20<\/td><td class=\"column-6\">110\/150<\/td>\n<\/tr>\n<tr class=\"row-6 even\">\n\t<td class=\"column-1\">1998-2000<\/td><td class=\"column-2\">523i<\/td><td class=\"column-3\">E39<\/td><td class=\"column-4\">TODAS<\/td><td class=\"column-5\">M52T\u00dcB25<\/td><td class=\"column-6\">125\/170<\/td>\n<\/tr>\n<tr class=\"row-7 odd\">\n\t<td class=\"column-1\">1998-2000<\/td><td class=\"column-2\">Z3 2.3i<\/td><td class=\"column-3\">E36\/7<\/td><td class=\"column-4\">TODAS<\/td><td class=\"column-5\">M52T\u00dcB25<\/td><td class=\"column-6\">127\/170<\/td>\n<\/tr>\n<tr class=\"row-8 even\">\n\t<td class=\"column-1\">1998-2000<\/td><td class=\"column-2\">328i<\/td><td class=\"column-3\">E46<\/td><td class=\"column-4\">TODAS<\/td><td class=\"column-5\">M52T\u00dcB28<\/td><td class=\"column-6\">142\/193<\/td>\n<\/tr>\n<tr class=\"row-9 odd\">\n\t<td class=\"column-1\">1998-2000<\/td><td class=\"column-2\">Z3 2.8<\/td><td class=\"column-3\">E36\/7<\/td><td class=\"column-4\">TODAS<\/td><td class=\"column-5\">M52T\u00dcB28<\/td><td class=\"column-6\">142\/193<\/td>\n<\/tr>\n<tr class=\"row-10 even\">\n\t<td class=\"column-1\">1998-2000<\/td><td class=\"column-2\">528i<\/td><td class=\"column-3\">E39<\/td><td class=\"column-4\">TODAS<\/td><td class=\"column-5\">M52T\u00dcB28<\/td><td class=\"column-6\">142\/193<\/td>\n<\/tr>\n<tr class=\"row-11 odd\">\n\t<td class=\"column-1\">1998-2000<\/td><td class=\"column-2\">728i<\/td><td class=\"column-3\">E38<\/td><td class=\"column-4\">TODAS<\/td><td class=\"column-5\">M52T\u00dcB28<\/td><td class=\"column-6\">142\/193<\/td>\n<\/tr>\n<tr class=\"row-12 even\">\n\t<td class=\"column-1\">2000-2006<\/td><td class=\"column-2\">320i<\/td><td class=\"column-3\">E46<\/td><td class=\"column-4\">TODAS<\/td><td class=\"column-5\">M54B22<\/td><td class=\"column-6\">125\/170<\/td>\n<\/tr>\n<tr class=\"row-13 odd\">\n\t<td class=\"column-1\">2000-2003<\/td><td class=\"column-2\">E39<\/td><td class=\"column-3\">520i<\/td><td class=\"column-4\">TODAS<\/td><td class=\"column-5\">M54B22<\/td><td class=\"column-6\">125\/170<\/td>\n<\/tr>\n<tr class=\"row-14 even\">\n\t<td class=\"column-1\">2000-2002<\/td><td class=\"column-2\">Z3 2.2i<\/td><td class=\"column-3\">E36\/7<\/td><td class=\"column-4\">TODAS<\/td><td class=\"column-5\">M54B22<\/td><td class=\"column-6\">125\/170<\/td>\n<\/tr>\n<tr class=\"row-15 odd\">\n\t<td class=\"column-1\">2003-2005<\/td><td class=\"column-2\">Z4 2.2i<\/td><td class=\"column-3\">E85<\/td><td class=\"column-4\">TODAS<\/td><td class=\"column-5\">M54B22<\/td><td class=\"column-6\">125\/170<\/td>\n<\/tr>\n<tr class=\"row-16 even\">\n\t<td class=\"column-1\">2003-20005<\/td><td class=\"column-2\">520i<\/td><td class=\"column-3\">E60<\/td><td class=\"column-4\">TODAS<\/td><td class=\"column-5\">M54B22<\/td><td class=\"column-6\">125\/170<\/td>\n<\/tr>\n<tr class=\"row-17 odd\">\n\t<td class=\"column-1\">2000-2002<\/td><td class=\"column-2\">Z3 2.5i<\/td><td class=\"column-3\">E36\/7<\/td><td class=\"column-4\">TODAS<\/td><td class=\"column-5\">M54B25<\/td><td class=\"column-6\">141\/192<\/td>\n<\/tr>\n<tr class=\"row-18 even\">\n\t<td class=\"column-1\">2000-2006<\/td><td class=\"column-2\">325i<\/td><td class=\"column-3\">E46<\/td><td class=\"column-4\">TODAS<\/td><td class=\"column-5\">M54B25<\/td><td class=\"column-6\">141\/192<\/td>\n<\/tr>\n<tr class=\"row-19 odd\">\n\t<td class=\"column-1\">2000-2004<\/td><td class=\"column-2\">325ti<\/td><td class=\"column-3\">E46<\/td><td class=\"column-4\">TODAS<\/td><td class=\"column-5\">M54B25<\/td><td class=\"column-6\">141\/192<\/td>\n<\/tr>\n<tr class=\"row-20 even\">\n\t<td class=\"column-1\">2000-2004<\/td><td class=\"column-2\">525i<\/td><td class=\"column-3\">E39<\/td><td class=\"column-4\">TODAS<\/td><td class=\"column-5\">M54B25<\/td><td class=\"column-6\">141\/192<\/td>\n<\/tr>\n<tr class=\"row-21 odd\">\n\t<td class=\"column-1\">2003-2005<\/td><td class=\"column-2\">525i<\/td><td class=\"column-3\">E60<\/td><td class=\"column-4\">TODAS<\/td><td class=\"column-5\">M54B25<\/td><td class=\"column-6\">141\/192<\/td>\n<\/tr>\n<tr class=\"row-22 even\">\n\t<td class=\"column-1\">2003-2006<\/td><td class=\"column-2\">X3 2.5i<\/td><td class=\"column-3\">E83<\/td><td class=\"column-4\">TODAS<\/td><td class=\"column-5\">M54B25<\/td><td class=\"column-6\">141\/192<\/td>\n<\/tr>\n<tr class=\"row-23 odd\">\n\t<td class=\"column-1\">2002-2005<\/td><td class=\"column-2\">Z4 2.5i<\/td><td class=\"column-3\">E85<\/td><td class=\"column-4\">TODAS<\/td><td class=\"column-5\">M54B25<\/td><td class=\"column-6\">141\/192<\/td>\n<\/tr>\n<tr class=\"row-24 even\">\n\t<td class=\"column-1\">2000-2006<\/td><td class=\"column-2\">330i<\/td><td class=\"column-3\">E46<\/td><td class=\"column-4\">TODAS<\/td><td class=\"column-5\">M54B30<\/td><td class=\"column-6\">170\/231<\/td>\n<\/tr>\n<tr class=\"row-25 odd\">\n\t<td class=\"column-1\">2000-2004<\/td><td class=\"column-2\">530i<\/td><td class=\"column-3\">E39<\/td><td class=\"column-4\">TODAS<\/td><td class=\"column-5\">M54B30<\/td><td class=\"column-6\">170\/231<\/td>\n<\/tr>\n<tr class=\"row-26 even\">\n\t<td class=\"column-1\">2000-2002<\/td><td class=\"column-2\">Z3 3.0i<\/td><td class=\"column-3\">E36\/7<\/td><td class=\"column-4\">TODAS<\/td><td class=\"column-5\">M54B30<\/td><td class=\"column-6\">170\/231<\/td>\n<\/tr>\n<tr class=\"row-27 odd\">\n\t<td class=\"column-1\">2003-2005<\/td><td class=\"column-2\">530i<\/td><td class=\"column-3\">E60<\/td><td class=\"column-4\">TODAS<\/td><td class=\"column-5\">M54B30<\/td><td class=\"column-6\">170\/231<\/td>\n<\/tr>\n<tr class=\"row-28 even\">\n\t<td class=\"column-1\">2002-2005<\/td><td class=\"column-2\">Z4 3.0i<\/td><td class=\"column-3\">E85<\/td><td class=\"column-4\">TODAS<\/td><td class=\"column-5\">M54B30<\/td><td class=\"column-6\">170\/231<\/td>\n<\/tr>\n<tr class=\"row-29 odd\">\n\t<td class=\"column-1\">2003-2006<\/td><td class=\"column-2\">X3 3.0i<\/td><td class=\"column-3\">E83<\/td><td class=\"column-4\">TODAS<\/td><td class=\"column-5\">M54B30<\/td><td class=\"column-6\">170\/231<\/td>\n<\/tr>\n<tr class=\"row-30 even\">\n\t<td class=\"column-1\">2000-2006<\/td><td class=\"column-2\">X5 3.0i<\/td><td class=\"column-3\">E53<\/td><td class=\"column-4\">TODAS<\/td><td class=\"column-5\">M54B30<\/td><td class=\"column-6\">170\/231<\/td>\n<\/tr>\n<tr class=\"row-31 odd\">\n\t<td class=\"column-1\">2002-2005<\/td><td class=\"column-2\">730i<\/td><td class=\"column-3\">E65\/66<\/td><td class=\"column-4\">TODAS<\/td><td class=\"column-5\">M54B30<\/td><td class=\"column-6\">170\/231<\/td>\n<\/tr>\n<\/tbody>\n<\/table>\n<!-- #tablepress-1 from cache -->\n<p>Los famosos VANOS tienen grandes ventajas pero requieren mantenimiento. Aunque se suelen evitar los motores con VANOS para evitar enfrentarse a ellos, pr\u00e1cticamente solo necesitar\u00e1s hacerles mantenimiento una vez en toda la vida \u00fatil del coche, y estos hacen que el motor sea m\u00e1s el\u00e1stico especialmente en un uso diario.<\/p>\n<p>Los VANOS tienen una serie de t\u00f3ricas y retenes internos que aseguran su correcto funcionamiento. El mal estado de estos componentes causa fugas de presi\u00f3n y la consecuencia es una perdida de rendimiento en reg\u00edmenes bajos\/medios adem\u00e1s de un molesto ruido que les da una desmerecida fama de \u00absonido diesel\u00bb a los M62.<\/p>\n<p>Para la reconstrucci\u00f3n y mantenimiento de los VANOS usamos componentes de m\u00e1xima calidad, como t\u00f3ricas hechas en VITON, de un fabricante alem\u00e1n dedicado exclusivamente a estos componentes. Est\u00e1n probados y comprobados en miles de motores. El cambio tras este mantenimiento es inmediatamente apreciable.<\/p>\n<p>Para desmontar los VANOS y enviarlos necesitar\u00e1s desmontar las tapas de v\u00e1lvulas, las tapas de distribuci\u00f3n superiores y calar los \u00e1rboles de levas. Puedes encontrar informaci\u00f3n en internet o consultarnos.<\/p>\n<p>Una vez recibamos tus VANOS los reconstruiremos en un per\u00edodo de 48h para mandarlos de vuelta.<\/p>\n<p>Si prefieres recibir unos VANOS ya reconstruidos para montarlos tal y como desmontes los tuyos, tienes la opci\u00f3n de intercambio pagando una fianza. Una vez recibamos tus unidades y comprobemos su estado, te devolveremos la fianza.<\/p>","protected":false},"excerpt":{"rendered":"<p>Pon tu M54 a pleno rendimiento y reduce el \u00abchasqueo\u00bb del VANOS.<\/p>","protected":false},"featured_media":3115,"comment_status":"open","ping_status":"closed","template":"","meta":{"site-sidebar-layout":"default","site-content-layout":"default","ast-site-content-layout":"default","site-content-style":"default","site-sidebar-style":"default","ast-global-header-display":"","ast-banner-title-visibility":"","ast-main-header-display":"","ast-hfb-above-header-display":"","ast-hfb-below-header-display":"","ast-hfb-mobile-header-display":"","site-post-title":"","ast-breadcrumbs-content":"","ast-featured-img":"","footer-sml-layout":"","theme-transparent-header-meta":"default","adv-header-id-meta":"","stick-header-meta":"","header-above-stick-meta":"","header-main-stick-meta":"","header-below-stick-meta":"","astra-migrate-meta-layouts":"set","ast-page-background-enabled":"default","ast-page-background-meta":{"desktop":{"background-color":"var(--ast-global-color-4)","background-image":"","background-repeat":"repeat","background-position":"center center","background-size":"auto","background-attachment":"scroll","background-type":"","background-media":"","overlay-type":"","overlay-color":"","overlay-opacity":"","overlay-gradient":""},"tablet":{"background-color":"","background-image":"","background-repeat":"repeat","background-position":"center center","background-size":"auto","background-attachment":"scroll","background-type":"","background-media":"","overlay-type":"","overlay-color":"","overlay-opacity":"","overlay-gradient":""},"mobile":{"background-color":"","background-image":"","background-repeat":"repeat","background-position":"center center","background-size":"auto","background-attachment":"scroll","background-type":"","background-media":"","overlay-type":"","overlay-color":"","overlay-opacity":"","overlay-gradient":""}},"ast-content-background-meta":{"desktop":{"background-color":"var(--ast-global-color-5)","background-image":"","background-repeat":"repeat","background-position":"center center","background-size":"auto","background-attachment":"scroll","background-type":"","background-media":"","overlay-type":"","overlay-color":"","overlay-opacity":"","overlay-gradient":""},"tablet":{"background-color":"var(--ast-global-color-5)","background-image":"","background-repeat":"repeat","background-position":"center center","background-size":"auto","background-attachment":"scroll","background-type":"","background-media":"","overlay-type":"","overlay-color":"","overlay-opacity":"","overlay-gradient":""},"mobile":{"background-color":"var(--ast-global-color-5)","background-image":"","background-repeat":"repeat","background-position":"center center","background-size":"auto","background-attachment":"scroll","background-type":"","background-media":"","overlay-type":"","overlay-color":"","overlay-opacity":"","overlay-gradient":""}}},"product_cat":[139,175,174,93,57,58,63,59,65,68,67,64,66,87,88],"product_tag":[21,22],"class_list":{"0":"post-2690","1":"product","2":"type-product","3":"status-publish","4":"has-post-thumbnail","6":"product_cat-bmw-e61","7":"product_cat-bmw-z4-e85","8":"product_cat-reconstruccion-vanos","9":"product_cat-bmw-e36","10":"product_cat-bmw-e38","11":"product_cat-bmw-e39","12":"product_cat-bmw-e46","13":"product_cat-bmw-e53","14":"product_cat-bmw-e60","15":"product_cat-bmw-e65-66","16":"product_cat-bmw-e83","17":"product_cat-bmw-z3","18":"product_cat-bmw-z4","19":"product_cat-m52","20":"product_cat-m54","21":"product_tag-reconstruccion","22":"product_tag-vanos","23":"product_shipping_class-pequeno","24":"desktop-align-left","25":"tablet-align-left","26":"mobile-align-left","28":"first","29":"onbackorder","30":"taxable","31":"shipping-taxable","32":"purchasable","33":"product-type-variable"},"_links":{"self":[{"href":"https:\/\/shop.bimmerstock.eu\/en\/wp-json\/wp\/v2\/product\/2690","targetHints":{"allow":["GET"]}}],"collection":[{"href":"https:\/\/shop.bimmerstock.eu\/en\/wp-json\/wp\/v2\/product"}],"about":[{"href":"https:\/\/shop.bimmerstock.eu\/en\/wp-json\/wp\/v2\/types\/product"}],"replies":[{"embeddable":true,"href":"https:\/\/shop.bimmerstock.eu\/en\/wp-json\/wp\/v2\/comments?post=2690"}],"version-history":[{"count":5,"href":"https:\/\/shop.bimmerstock.eu\/en\/wp-json\/wp\/v2\/product\/2690\/revisions"}],"predecessor-version":[{"id":2700,"href":"https:\/\/shop.bimmerstock.eu\/en\/wp-json\/wp\/v2\/product\/2690\/revisions\/2700"}],"wp:featuredmedia":[{"embeddable":true,"href":"https:\/\/shop.bimmerstock.eu\/en\/wp-json\/wp\/v2\/media\/3115"}],"wp:attachment":[{"href":"https:\/\/shop.bimmerstock.eu\/en\/wp-json\/wp\/v2\/media?parent=2690"}],"wp:term":[{"taxonomy":"product_cat","embeddable":true,"href":"https:\/\/shop.bimmerstock.eu\/en\/wp-json\/wp\/v2\/product_cat?post=2690"},{"taxonomy":"product_tag","embeddable":true,"href":"https:\/\/shop.bimmerstock.eu\/en\/wp-json\/wp\/v2\/product_tag?post=2690"}],"curies":[{"name":"wp","href":"https:\/\/api.w.org\/{rel}","templated":true}]}}