{"id":24,"date":"2023-06-18T18:23:19","date_gmt":"2023-06-18T18:23:19","guid":{"rendered":"https:\/\/shop.bimmerstock.eu\/?post_type=product&#038;p=24"},"modified":"2024-06-12T13:39:38","modified_gmt":"2024-06-12T13:39:38","slug":"juego-de-suspensiones-roscadas-mts-technik-para-bmw-f22-f23","status":"publish","type":"product","link":"https:\/\/shop.bimmerstock.eu\/en\/product\/juego-de-suspensiones-roscadas-mts-technik-para-bmw-f22-f23","title":{"rendered":"Juego de Suspensiones Roscadas MTS Technik para BMW F22 \/ F23"},"content":{"rendered":"<blockquote><p>Juego completo de suspensiones roscadas para BMW Serie F22 y F23(2010-2012).<\/p><\/blockquote>\n<p>MTS Technik es una marca polaca que cumple los estandares T\u00dcV garantizando su calidad y la posibilidad de homologarlas en cualquier veh\u00edculo.<\/p>\n<p>Utilizan muelles EIBACH y se fabrican siguiendo un cuidado proceso con gran atenci\u00f3n al detalle. El recubrimiento dorado es de doble capa lo que asegura una duradera protecci\u00f3n contra el \u00f3xido.<\/p>\n<p><strong>Nuestras experiencia<\/strong> con la marca es positiva y podemos asegurar que es la opci\u00f3n m\u00e1s competitiva en relaci\u00f3n calidad\/precio.<\/p>\n<p>Veh\u00edculos compatibles:<\/p>\n<p>BMW Serie 1 F22 (Coup\u00e9) y F23 (Cabrio): Motorizaciones: 218 \/ 220 \/ 228 \/ 230 \/ 218d \/ 220d \/ 225d<\/p>\n<p>Las roscadas son una buena opci\u00f3n cuando quieres ajustar la altura del coche y poder influir en el reparto de pesos. Adem\u00e1s de ofrecer la posibilidad de montaje, podemos pesar tu coche en las cuatro ruedas para hacer un setup que se adapte a tu estilo de conducci\u00f3n y preferencias.<\/p>\n<p>Puedes escoger entre dos kits con diferentes posibilidades de altura m\u00ednima. Te recomendamos escoger el que realmente necesitas, no el m\u00e1s bajo por defecto.<\/p>\n<p>El sistema de amortiguaci\u00f3n delantero se basa en dos muelles EIBACH por amortiguador, creando un sistema progresivo que mejora la comodidad al principio del recorrido y endurece m\u00e1s la suspensi\u00f3n a medida que se carga el eje. En este kit en concreto la altura y la precarga del muelle no se ajustan por separado.<\/p>\n<p>El kit NO incluye copelas. Puedes usar las originales, pero te recomendamos montarlas nuevas.<\/p>\n<p>Caracter\u00edsticas:<\/p>\n<ul>\n<li>Series:<strong> Street<\/strong><\/li>\n<li>Recubrimiento zincado de doble capa<\/li>\n<li>Muelles EIBACH de recorrido progresivo<\/li>\n<li>Homologaci\u00f3n T\u00dcV<\/li>\n<li>Rebaja de altura en el eje delantero: 25-55mm<\/li>\n<li>Rebaja de altura en el eje trasero: 30-60mm<\/li>\n<li>Peso m\u00e1ximo en eje delantero: 1090kg<\/li>\n<li>Peso m\u00e1ximo en eje trasero: 1230kg<\/li>\n<\/ul>\n<p>Consideraciones:<\/p>\n<ul>\n<li>No compatible con veh\u00edculos que originalmente equipan suspensi\u00f3n autonivelante<\/li>\n<li>Si tu coche ya equipaba suspensi\u00f3n deportiva de f\u00e1brica, la rebaja de altura anunciada puede ser menor<\/li>\n<li>Durante la instalaci\u00f3n <strong>es vital<\/strong> asegurarse de la distancia m\u00ednima que ha de haber entre rueda y aleta: 5mm<\/li>\n<li>El ajustador de altura trasero se monta en la parte superior<\/li>\n<\/ul>","protected":false},"excerpt":{"rendered":"<p>Juego completo de suspensiones roscadas para BMW Serie F22 y F23(2010-2012). MTS Technik es una marca polaca que cumple los estandares T\u00dcV garantizando su calidad y la posibilidad de homologarlas en cualquier veh\u00edculo. Utilizan muelles EIBACH y se fabrican siguiendo un cuidado proceso con gran atenci\u00f3n al detalle. El recubrimiento dorado es de doble capa [&hellip;]<\/p>","protected":false},"featured_media":47,"comment_status":"open","ping_status":"closed","template":"","meta":{"site-sidebar-layout":"default","site-content-layout":"default","ast-site-content-layout":"default","site-content-style":"default","site-sidebar-style":"default","ast-global-header-display":"","ast-banner-title-visibility":"","ast-main-header-display":"","ast-hfb-above-header-display":"","ast-hfb-below-header-display":"","ast-hfb-mobile-header-display":"","site-post-title":"","ast-breadcrumbs-content":"","ast-featured-img":"","footer-sml-layout":"","theme-transparent-header-meta":"default","adv-header-id-meta":"","stick-header-meta":"","header-above-stick-meta":"","header-main-stick-meta":"","header-below-stick-meta":"","astra-migrate-meta-layouts":"set","ast-page-background-enabled":"default","ast-page-background-meta":{"desktop":{"background-color":"var(--ast-global-color-4)","background-image":"","background-repeat":"repeat","background-position":"center center","background-size":"auto","background-attachment":"scroll","background-type":"","background-media":"","overlay-type":"","overlay-color":"","overlay-opacity":"","overlay-gradient":""},"tablet":{"background-color":"","background-image":"","background-repeat":"repeat","background-position":"center center","background-size":"auto","background-attachment":"scroll","background-type":"","background-media":"","overlay-type":"","overlay-color":"","overlay-opacity":"","overlay-gradient":""},"mobile":{"background-color":"","background-image":"","background-repeat":"repeat","background-position":"center center","background-size":"auto","background-attachment":"scroll","background-type":"","background-media":"","overlay-type":"","overlay-color":"","overlay-opacity":"","overlay-gradient":""}},"ast-content-background-meta":{"desktop":{"background-color":"var(--ast-global-color-5)","background-image":"","background-repeat":"repeat","background-position":"center center","background-size":"auto","background-attachment":"scroll","background-type":"","background-media":"","overlay-type":"","overlay-color":"","overlay-opacity":"","overlay-gradient":""},"tablet":{"background-color":"var(--ast-global-color-5)","background-image":"","background-repeat":"repeat","background-position":"center center","background-size":"auto","background-attachment":"scroll","background-type":"","background-media":"","overlay-type":"","overlay-color":"","overlay-opacity":"","overlay-gradient":""},"mobile":{"background-color":"var(--ast-global-color-5)","background-image":"","background-repeat":"repeat","background-position":"center center","background-size":"auto","background-attachment":"scroll","background-type":"","background-media":"","overlay-type":"","overlay-color":"","overlay-opacity":"","overlay-gradient":""}}},"product_cat":[23,24,30],"product_tag":[31,32,26,27,28,29],"class_list":{"0":"post-24","1":"product","2":"type-product","3":"status-publish","4":"has-post-thumbnail","6":"product_cat-suspensiones","7":"product_cat-roscadas","8":"product_cat-roscadas-mts","9":"product_tag-bmw-f22","10":"product_tag-bmw-f23","11":"product_tag-mts-technik","12":"product_tag-roscadas","13":"product_tag-roscadas-mts","14":"product_tag-suspensiones","15":"product_shipping_class-suspensiones","16":"desktop-align-left","17":"tablet-align-left","18":"mobile-align-left","20":"first","21":"onbackorder","22":"sale","23":"taxable","24":"shipping-taxable","25":"purchasable","26":"product-type-variable"},"_links":{"self":[{"href":"https:\/\/shop.bimmerstock.eu\/en\/wp-json\/wp\/v2\/product\/24","targetHints":{"allow":["GET"]}}],"collection":[{"href":"https:\/\/shop.bimmerstock.eu\/en\/wp-json\/wp\/v2\/product"}],"about":[{"href":"https:\/\/shop.bimmerstock.eu\/en\/wp-json\/wp\/v2\/types\/product"}],"replies":[{"embeddable":true,"href":"https:\/\/shop.bimmerstock.eu\/en\/wp-json\/wp\/v2\/comments?post=24"}],"version-history":[{"count":1,"href":"https:\/\/shop.bimmerstock.eu\/en\/wp-json\/wp\/v2\/product\/24\/revisions"}],"predecessor-version":[{"id":2581,"href":"https:\/\/shop.bimmerstock.eu\/en\/wp-json\/wp\/v2\/product\/24\/revisions\/2581"}],"wp:featuredmedia":[{"embeddable":true,"href":"https:\/\/shop.bimmerstock.eu\/en\/wp-json\/wp\/v2\/media\/47"}],"wp:attachment":[{"href":"https:\/\/shop.bimmerstock.eu\/en\/wp-json\/wp\/v2\/media?parent=24"}],"wp:term":[{"taxonomy":"product_cat","embeddable":true,"href":"https:\/\/shop.bimmerstock.eu\/en\/wp-json\/wp\/v2\/product_cat?post=24"},{"taxonomy":"product_tag","embeddable":true,"href":"https:\/\/shop.bimmerstock.eu\/en\/wp-json\/wp\/v2\/product_tag?post=24"}],"curies":[{"name":"wp","href":"https:\/\/api.w.org\/{rel}","templated":true}]}}