{"id":17,"date":"2023-06-18T18:23:19","date_gmt":"2023-06-18T18:23:19","guid":{"rendered":"https:\/\/shop.bimmerstock.eu\/?post_type=product&#038;p=17"},"modified":"2024-06-12T13:50:18","modified_gmt":"2024-06-12T13:50:18","slug":"reconstruccion-vanos-bmw-m62","status":"publish","type":"product","link":"https:\/\/shop.bimmerstock.eu\/en\/product\/reconstruccion-vanos-bmw-m62","title":{"rendered":"Servicio reconstrucci\u00f3n VANOS BMW M62"},"content":{"rendered":"<p>Este es un servicio de Reconstrucci\u00f3n de los VANOS que equipan los motores BMW V8 M62 fabricados desde el 1998 al 2005:<\/p>\n<ul>\n<li>C\u00f3digos de motor: M62TUB35 y M62TUB44<\/li>\n<li>Veh\u00edculos: 535i E39, 735i E38, 540i E39, 740i E38, X5 E53 4.4, Range Rover SPORT<\/li>\n<\/ul>\n<p>Los famosos VANOS tienen grandes ventajas pero requieren mantenimiento. Aunque se suelen evitar los motores con VANOS para evitar enfrentarse a ellos, pr\u00e1cticamente solo necesitar\u00e1s hacerles mantenimiento una vez en toda la vida \u00fatil del coche, y estos hacen que el motor sea m\u00e1s el\u00e1stico especialmente en un uso diario.<\/p>\n<p>Los VANOS tienen una serie de t\u00f3ricas y retenes internos que aseguran su correcto funcionamiento. El mal estado de estos componentes causa fugas de presi\u00f3n y la consecuencia es una perdida de rendimiento en reg\u00edmenes bajos\/medios adem\u00e1s de un molesto ruido que les da una desmerecida fama de \u00absonido diesel\u00bb a los M62.<\/p>\n<p>Para la reconstrucci\u00f3n y mantenimiento de los VANOS usamos componentes de m\u00e1xima calidad, como t\u00f3ricas hechas en VITON, de un fabricante alem\u00e1n dedicado exclusivamente a estos componentes. Est\u00e1n probados y comprobados en miles de motores. El cambio tras este mantenimiento es inmediatamente apreciable.<\/p>\n<p>Para desmontar los VANOS y enviarlos necesitar\u00e1s desmontar las tapas de v\u00e1lvulas, las tapas de distribuci\u00f3n superiores y calar los \u00e1rboles de levas. Puedes encontrar informaci\u00f3n en internet o consultarnos.<\/p>\n<p>Una vez recibamos tus VANOS los reconstruiremos en un per\u00edodo de 48h para mandarlos de vuelta.<\/p>\n<p>Si prefieres recibir unos VANOS ya reconstruidos para montarlos tal y como desmontes los tuyos, tienes la opci\u00f3n de intercambio pagando una fianza. Una vez recibamos tus unidades y comprobemos su estado, te devolveremos la fianza.<\/p>","protected":false},"excerpt":{"rendered":"<p>Pon tu M62 a pleno rendimiento y reduce significativamente su caracter\u00edstico \u00absonido a taqu\u00e9s\u00bb.<\/p>","protected":false},"featured_media":46,"comment_status":"open","ping_status":"closed","template":"","meta":{"site-sidebar-layout":"default","site-content-layout":"default","ast-site-content-layout":"default","site-content-style":"default","site-sidebar-style":"default","ast-global-header-display":"","ast-banner-title-visibility":"","ast-main-header-display":"","ast-hfb-above-header-display":"","ast-hfb-below-header-display":"","ast-hfb-mobile-header-display":"","site-post-title":"","ast-breadcrumbs-content":"","ast-featured-img":"","footer-sml-layout":"","theme-transparent-header-meta":"default","adv-header-id-meta":"","stick-header-meta":"","header-above-stick-meta":"","header-main-stick-meta":"","header-below-stick-meta":"","astra-migrate-meta-layouts":"set","ast-page-background-enabled":"default","ast-page-background-meta":{"desktop":{"background-color":"var(--ast-global-color-4)","background-image":"","background-repeat":"repeat","background-position":"center center","background-size":"auto","background-attachment":"scroll","background-type":"","background-media":"","overlay-type":"","overlay-color":"","overlay-opacity":"","overlay-gradient":""},"tablet":{"background-color":"","background-image":"","background-repeat":"repeat","background-position":"center center","background-size":"auto","background-attachment":"scroll","background-type":"","background-media":"","overlay-type":"","overlay-color":"","overlay-opacity":"","overlay-gradient":""},"mobile":{"background-color":"","background-image":"","background-repeat":"repeat","background-position":"center center","background-size":"auto","background-attachment":"scroll","background-type":"","background-media":"","overlay-type":"","overlay-color":"","overlay-opacity":"","overlay-gradient":""}},"ast-content-background-meta":{"desktop":{"background-color":"var(--ast-global-color-5)","background-image":"","background-repeat":"repeat","background-position":"center center","background-size":"auto","background-attachment":"scroll","background-type":"","background-media":"","overlay-type":"","overlay-color":"","overlay-opacity":"","overlay-gradient":""},"tablet":{"background-color":"var(--ast-global-color-5)","background-image":"","background-repeat":"repeat","background-position":"center center","background-size":"auto","background-attachment":"scroll","background-type":"","background-media":"","overlay-type":"","overlay-color":"","overlay-opacity":"","overlay-gradient":""},"mobile":{"background-color":"var(--ast-global-color-5)","background-image":"","background-repeat":"repeat","background-position":"center center","background-size":"auto","background-attachment":"scroll","background-type":"","background-media":"","overlay-type":"","overlay-color":"","overlay-opacity":"","overlay-gradient":""}}},"product_cat":[174,57,58,59,95],"product_tag":[20,21,22],"class_list":{"0":"post-17","1":"product","2":"type-product","3":"status-publish","4":"has-post-thumbnail","6":"product_cat-reconstruccion-vanos","7":"product_cat-bmw-e38","8":"product_cat-bmw-e39","9":"product_cat-bmw-e53","10":"product_cat-m62","11":"product_tag-m62","12":"product_tag-reconstruccion","13":"product_tag-vanos","14":"product_shipping_class-pequeno","15":"desktop-align-left","16":"tablet-align-left","17":"mobile-align-left","19":"first","20":"instock","21":"taxable","22":"shipping-taxable","23":"purchasable","24":"product-type-variable"},"_links":{"self":[{"href":"https:\/\/shop.bimmerstock.eu\/en\/wp-json\/wp\/v2\/product\/17","targetHints":{"allow":["GET"]}}],"collection":[{"href":"https:\/\/shop.bimmerstock.eu\/en\/wp-json\/wp\/v2\/product"}],"about":[{"href":"https:\/\/shop.bimmerstock.eu\/en\/wp-json\/wp\/v2\/types\/product"}],"replies":[{"embeddable":true,"href":"https:\/\/shop.bimmerstock.eu\/en\/wp-json\/wp\/v2\/comments?post=17"}],"version-history":[{"count":2,"href":"https:\/\/shop.bimmerstock.eu\/en\/wp-json\/wp\/v2\/product\/17\/revisions"}],"predecessor-version":[{"id":2689,"href":"https:\/\/shop.bimmerstock.eu\/en\/wp-json\/wp\/v2\/product\/17\/revisions\/2689"}],"wp:featuredmedia":[{"embeddable":true,"href":"https:\/\/shop.bimmerstock.eu\/en\/wp-json\/wp\/v2\/media\/46"}],"wp:attachment":[{"href":"https:\/\/shop.bimmerstock.eu\/en\/wp-json\/wp\/v2\/media?parent=17"}],"wp:term":[{"taxonomy":"product_cat","embeddable":true,"href":"https:\/\/shop.bimmerstock.eu\/en\/wp-json\/wp\/v2\/product_cat?post=17"},{"taxonomy":"product_tag","embeddable":true,"href":"https:\/\/shop.bimmerstock.eu\/en\/wp-json\/wp\/v2\/product_tag?post=17"}],"curies":[{"name":"wp","href":"https:\/\/api.w.org\/{rel}","templated":true}]}}