{"id":14,"date":"2023-06-18T18:23:18","date_gmt":"2023-06-18T18:23:18","guid":{"rendered":"https:\/\/shop.bimmerstock.eu\/?post_type=product&#038;p=14"},"modified":"2023-07-01T22:24:47","modified_gmt":"2023-07-01T22:24:47","slug":"reconstruccion-valvula-disa-bmw-m54","status":"publish","type":"product","link":"https:\/\/shop.bimmerstock.eu\/en\/product\/reconstruccion-valvula-disa-bmw-m54","title":{"rendered":"BMW M52\/M54 DISA valve Rebuild kit"},"content":{"rendered":"<p>Este es un servicio de Reconstrucci\u00f3n de la v\u00e1lvula DISA que equipan los motores BMW M54 fabricados desde el 2000 al 2006:<\/p>\n<ul>\n<li>C\u00f3digos de motor: M54B22, M54B25 y M54B30<\/li>\n<li>Veh\u00edculos: 320i E46, 320Ci E46, 520i E39, Z3 2.2, Z4 2.2, 520i E60, Z3 2.5, 325i E46, 325Ci e46, 325ix e46, 325ti E46, 525i E39, 525i E60, X3 2.5 E83, Z4 E85 2.5i, 330i E46, 330xi E46, 330Ci E46, 530i E39, Z3 3.0 E36, 530i E60, Z4 3.0i E85, X3 3.0 E83, X5 3.0 E53, 730i E65\/66<\/li>\n<\/ul>\n<p>Hablamos de un mantenimiento imprescindible en cualquier M54 independientemente de su uso y kil\u00f3metros. La v\u00e1lvula DISA regula el paso de aire por los colectores de admisi\u00f3n de diferente longitud y afecta al rendimiento y ralent\u00ed de tu motor.<\/p>\n<p>Puedes aprender m\u00e1s sobre la v\u00e1lvula DISA del M54 en <strong><a href=\"https:\/\/vm.tiktok.com\/ZGJuQECht\/\">nuestro v\u00eddeo<\/a><\/strong>.<\/p>\n<p>Con esta reconstrucci\u00f3n de la v\u00e1lvula DISA solucionamos un fallo de dise\u00f1o y fabricaci\u00f3n que incluso las v\u00e1lvulas nuevas de la casa siguen padeciendo. No gastes dos veces y evita quedarte tirado haci\u00e9ndolo bien a la primera.<\/p>\n<p>Nuestra reparaci\u00f3n incluye componentes completamente nuevos fabricados en aluminio CNC en USA, muy por encima de los kits baratos de procedencia dudosa que podr\u00e1s encontrar por internet. Limpiamos la unidad, instalamos el kit y comprobamos su correcto funcionamiento.<\/p>\n<p>Puedes escoger dos productos:<\/p>\n<ul>\n<li>Reconstrucci\u00f3n sin env\u00edo: tendr\u00e1s que hacernos llegar y recoger la v\u00e1lvula por tus propios medios.<\/li>\n<li>Reconstrucci\u00f3n con env\u00edo: te mandaremos un mensajero a recoger la v\u00e1lvula y una vez reparada la mandaremos de vuelta en 24h.<\/li>\n<\/ul>\n<p>El tiempo de espera es de 48h desde la recepci\u00f3n de la unidad.<\/p>","protected":false},"excerpt":{"rendered":"<p>Devuelve tu M54 a su mejor versi\u00f3n arreglando este fallo muy com\u00fan.<\/p>","protected":false},"featured_media":44,"comment_status":"open","ping_status":"closed","template":"","meta":{"site-sidebar-layout":"default","site-content-layout":"default","ast-site-content-layout":"","site-content-style":"default","site-sidebar-style":"default","ast-global-header-display":"","ast-banner-title-visibility":"","ast-main-header-display":"","ast-hfb-above-header-display":"","ast-hfb-below-header-display":"","ast-hfb-mobile-header-display":"","site-post-title":"","ast-breadcrumbs-content":"","ast-featured-img":"","footer-sml-layout":"","theme-transparent-header-meta":"default","adv-header-id-meta":"","stick-header-meta":"","header-above-stick-meta":"","header-main-stick-meta":"","header-below-stick-meta":"","astra-migrate-meta-layouts":"default","ast-page-background-enabled":"default","ast-page-background-meta":{"desktop":{"background-color":"var(--ast-global-color-4)","background-image":"","background-repeat":"repeat","background-position":"center center","background-size":"auto","background-attachment":"scroll","background-type":"","background-media":"","overlay-type":"","overlay-color":"","overlay-opacity":"","overlay-gradient":""},"tablet":{"background-color":"","background-image":"","background-repeat":"repeat","background-position":"center center","background-size":"auto","background-attachment":"scroll","background-type":"","background-media":"","overlay-type":"","overlay-color":"","overlay-opacity":"","overlay-gradient":""},"mobile":{"background-color":"","background-image":"","background-repeat":"repeat","background-position":"center center","background-size":"auto","background-attachment":"scroll","background-type":"","background-media":"","overlay-type":"","overlay-color":"","overlay-opacity":"","overlay-gradient":""}},"ast-content-background-meta":{"desktop":{"background-color":"var(--ast-global-color-5)","background-image":"","background-repeat":"repeat","background-position":"center center","background-size":"auto","background-attachment":"scroll","background-type":"","background-media":"","overlay-type":"","overlay-color":"","overlay-opacity":"","overlay-gradient":""},"tablet":{"background-color":"var(--ast-global-color-5)","background-image":"","background-repeat":"repeat","background-position":"center center","background-size":"auto","background-attachment":"scroll","background-type":"","background-media":"","overlay-type":"","overlay-color":"","overlay-opacity":"","overlay-gradient":""},"mobile":{"background-color":"var(--ast-global-color-5)","background-image":"","background-repeat":"repeat","background-position":"center center","background-size":"auto","background-attachment":"scroll","background-type":"","background-media":"","overlay-type":"","overlay-color":"","overlay-opacity":"","overlay-gradient":""}}},"product_cat":[57,58,63,59,65,68,67,64,66,87,88,16],"product_tag":[17],"class_list":{"0":"post-14","1":"product","2":"type-product","3":"status-publish","4":"has-post-thumbnail","6":"product_cat-bmw-e38","7":"product_cat-bmw-e39","8":"product_cat-bmw-e46","9":"product_cat-bmw-e53","10":"product_cat-bmw-e60","11":"product_cat-bmw-e65-66","12":"product_cat-bmw-e83","13":"product_cat-bmw-z3","14":"product_cat-bmw-z4","15":"product_cat-m52","16":"product_cat-m54","17":"product_cat-reconstruccion-componentes","18":"product_tag-disa","19":"product_shipping_class-pequeno","20":"desktop-align-left","21":"tablet-align-left","22":"mobile-align-left","24":"first","25":"instock","26":"taxable","27":"shipping-taxable","28":"purchasable","29":"product-type-variable"},"_links":{"self":[{"href":"https:\/\/shop.bimmerstock.eu\/en\/wp-json\/wp\/v2\/product\/14","targetHints":{"allow":["GET"]}}],"collection":[{"href":"https:\/\/shop.bimmerstock.eu\/en\/wp-json\/wp\/v2\/product"}],"about":[{"href":"https:\/\/shop.bimmerstock.eu\/en\/wp-json\/wp\/v2\/types\/product"}],"replies":[{"embeddable":true,"href":"https:\/\/shop.bimmerstock.eu\/en\/wp-json\/wp\/v2\/comments?post=14"}],"version-history":[{"count":1,"href":"https:\/\/shop.bimmerstock.eu\/en\/wp-json\/wp\/v2\/product\/14\/revisions"}],"predecessor-version":[{"id":2590,"href":"https:\/\/shop.bimmerstock.eu\/en\/wp-json\/wp\/v2\/product\/14\/revisions\/2590"}],"wp:featuredmedia":[{"embeddable":true,"href":"https:\/\/shop.bimmerstock.eu\/en\/wp-json\/wp\/v2\/media\/44"}],"wp:attachment":[{"href":"https:\/\/shop.bimmerstock.eu\/en\/wp-json\/wp\/v2\/media?parent=14"}],"wp:term":[{"taxonomy":"product_cat","embeddable":true,"href":"https:\/\/shop.bimmerstock.eu\/en\/wp-json\/wp\/v2\/product_cat?post=14"},{"taxonomy":"product_tag","embeddable":true,"href":"https:\/\/shop.bimmerstock.eu\/en\/wp-json\/wp\/v2\/product_tag?post=14"}],"curies":[{"name":"wp","href":"https:\/\/api.w.org\/{rel}","templated":true}]}}